{"id":4902,"date":"2016-06-23T06:49:22","date_gmt":"2016-06-23T10:52:28","guid":{"rendered":"https:\/\/www.biogasworld.com\/fr\/?post_type=product&#038;p=4902"},"modified":"2017-12-04T11:35:51","modified_gmt":"2017-12-04T16:35:51","slug":"raffinage-par-host","status":"publish","type":"product","link":"https:\/\/biogasworld.com\/fr\/product\/valorisation-du-biogaz\/raffinage\/raffinage-par-host\/","title":{"rendered":"Raffinage du biogaz par HoSt"},"content":{"rendered":"","protected":false},"excerpt":{"rendered":"<p id=\"tw-target-text\" class=\"tw-data-text vk_txt tw-ta tw-text-small\" dir=\"ltr\" style=\"text-align: justify;\" data-placeholder=\"Traduction\">HoSt a choisi l&rsquo;entreprise\u00a0<a href=\"https:\/\/www.brightbiomethane.com\/\" target=\"_blank\" data-saferedirecturl=\"https:\/\/www.google.com\/url?hl=fr&amp;q=https:\/\/www.brightbiomethane.com\/&amp;source=gmail&amp;ust=1512489672257000&amp;usg=AFQjCNEMb3fioZTBzLWGUL8WQMSwc9m7GA\">Bright Biomethane<\/a> comme fournisseur de syst\u00e8mes de\u00a0raffinage du biogaz et propose des syst\u00e8mes de\u00a0raffinage du biogaz \u00e9prouv\u00e9s de 40 Nm3 \/ h \u00e0 5000 Nm3 \/ h pour\u00a0raffiner le biogaz en un gaz riche en m\u00e9thane, \u00e9galement connu sous le nom de biom\u00e9thane ou gaz vert.<\/p>","protected":false},"featured_media":4901,"template":"","meta":{"_acf_changed":false,"content-type":""},"product_brand":[],"product_cat":[79,97],"product_tag":[],"class_list":{"0":"post-4902","1":"product","2":"type-product","3":"status-publish","4":"has-post-thumbnail","6":"product_cat-valorisation-du-biogaz","7":"product_cat-raffinage","9":"first","10":"instock","11":"taxable","12":"shipping-taxable","13":"product-type-simple"},"acf":[],"_links":{"self":[{"href":"https:\/\/biogasworld.com\/fr\/wp-json\/wp\/v2\/product\/4902","targetHints":{"allow":["GET"]}}],"collection":[{"href":"https:\/\/biogasworld.com\/fr\/wp-json\/wp\/v2\/product"}],"about":[{"href":"https:\/\/biogasworld.com\/fr\/wp-json\/wp\/v2\/types\/product"}],"wp:featuredmedia":[{"embeddable":true,"href":"https:\/\/biogasworld.com\/fr\/wp-json\/wp\/v2\/media\/4901"}],"wp:attachment":[{"href":"https:\/\/biogasworld.com\/fr\/wp-json\/wp\/v2\/media?parent=4902"}],"wp:term":[{"taxonomy":"product_brand","embeddable":true,"href":"https:\/\/biogasworld.com\/fr\/wp-json\/wp\/v2\/product_brand?post=4902"},{"taxonomy":"product_cat","embeddable":true,"href":"https:\/\/biogasworld.com\/fr\/wp-json\/wp\/v2\/product_cat?post=4902"},{"taxonomy":"product_tag","embeddable":true,"href":"https:\/\/biogasworld.com\/fr\/wp-json\/wp\/v2\/product_tag?post=4902"}],"curies":[{"name":"wp","href":"https:\/\/api.w.org\/{rel}","templated":true}]}}