{"id":4908,"date":"2016-06-23T07:00:03","date_gmt":"2016-06-23T11:01:47","guid":{"rendered":"https:\/\/www.biogasworld.com\/fr\/?post_type=product&#038;p=4908"},"modified":"2016-06-23T07:01:47","modified_gmt":"2016-06-23T11:01:47","slug":"systeme-host","status":"publish","type":"product","link":"https:\/\/biogasworld.com\/fr\/product\/biomethanisation\/systeme-de-digestion-humide\/systeme-host\/","title":{"rendered":"Syst\u00e8me HoSt"},"content":{"rendered":"","protected":false},"excerpt":{"rendered":"<p style=\"text-align: justify;\">HoSt fournit des installations de m\u00e9thanisation tant pour les exploitations agricoles que pour le traitement industriel des d\u00e9chets. Une installation de m\u00e9thanisation assure la transformation de mat\u00e9riel organique en biogaz. Ce biogaz est utilis\u00e9 dans une installation de cog\u00e9n\u00e9ration et transform\u00e9 en \u00e9lectricit\u00e9 et en chaleur.<\/p>","protected":false},"featured_media":4907,"template":"","meta":{"_acf_changed":false,"content-type":""},"product_brand":[],"product_cat":[77,131],"product_tag":[],"class_list":{"0":"post-4908","1":"product","2":"type-product","3":"status-publish","4":"has-post-thumbnail","6":"product_cat-biomethanisation","7":"product_cat-systeme-de-digestion-humide","9":"first","10":"instock","11":"taxable","12":"shipping-taxable","13":"product-type-simple"},"acf":[],"_links":{"self":[{"href":"https:\/\/biogasworld.com\/fr\/wp-json\/wp\/v2\/product\/4908","targetHints":{"allow":["GET"]}}],"collection":[{"href":"https:\/\/biogasworld.com\/fr\/wp-json\/wp\/v2\/product"}],"about":[{"href":"https:\/\/biogasworld.com\/fr\/wp-json\/wp\/v2\/types\/product"}],"wp:featuredmedia":[{"embeddable":true,"href":"https:\/\/biogasworld.com\/fr\/wp-json\/wp\/v2\/media\/4907"}],"wp:attachment":[{"href":"https:\/\/biogasworld.com\/fr\/wp-json\/wp\/v2\/media?parent=4908"}],"wp:term":[{"taxonomy":"product_brand","embeddable":true,"href":"https:\/\/biogasworld.com\/fr\/wp-json\/wp\/v2\/product_brand?post=4908"},{"taxonomy":"product_cat","embeddable":true,"href":"https:\/\/biogasworld.com\/fr\/wp-json\/wp\/v2\/product_cat?post=4908"},{"taxonomy":"product_tag","embeddable":true,"href":"https:\/\/biogasworld.com\/fr\/wp-json\/wp\/v2\/product_tag?post=4908"}],"curies":[{"name":"wp","href":"https:\/\/api.w.org\/{rel}","templated":true}]}}