{"id":4943,"date":"2016-06-27T12:49:54","date_gmt":"2016-06-27T16:49:54","guid":{"rendered":"https:\/\/www.biogasworld.com\/fr\/?post_type=product&#038;p=4943"},"modified":"2025-03-10T16:43:53","modified_gmt":"2025-03-10T20:43:53","slug":"octaform-tank","status":"publish","type":"product","link":"https:\/\/biogasworld.com\/fr\/product\/biomethanisation\/reservoir-pour-digesteur\/beton\/octaform-tank\/","title":{"rendered":"R\u00e9servoir \u00e0 biogaz"},"content":{"rendered":"<h2 class=\"entry-title\"><span style=\"color: #000daa;\">R\u00e9servoirs \u00e0 biogaz<\/span><\/h2>\n<div class=\"entry-content\">\n<p>Les d\u00e9chets organiques (tels que le fumier ou les aliments avari\u00e9s) se d\u00e9composent et rejettent du m\u00e9thane dans l\u2019atmosph\u00e8re. Non exploit\u00e9, ce biogaz contribue largement aux \u00e9missions mondiales de gaz \u00e0 effet de serre. Les syst\u00e8mes de digestion ana\u00e9robie captent ce gaz et le convertissent en \u00e9nergie propre et renouvelable.<\/p>\n<p>Cette conversion des d\u00e9chets en \u00e9nergie peut se faire de plusieurs fa\u00e7ons, mais ce qu\u2019ils ont tous en commun est un processus de digestion hautement corrosif qui testera les limites de toute technologie de r\u00e9servoir.<\/p>\n<p>Les constructeurs du monde entier savent que la finition PVC int\u00e9gr\u00e9e d\u2019Octaform offre la meilleure d\u00e9fense possible contre cela.\u00a0 La r\u00e9sistance \u00e0 la corrosion n\u2019est toutefois qu\u2019une des raisons de construire avec nous. Avec Octaform, vous pouvez en fait construire mieux et \u00e9conomiser de l\u2019argent.<\/p>\n<\/div>\n<p>&nbsp;<\/p>\n<div class=\"entry-content\">\n<h2><span style=\"color: #000daa;\">Construit rapidement\u00a0<\/span><\/h2>\n<p>Octaform est la seule option qui forme et prot\u00e8ge votre r\u00e9servoir en une seule \u00e9tape. La finition et l\u2019isolation sont int\u00e9gr\u00e9es, ce qui \u00e9limine le besoin de doublures ou de rev\u00eatements. Notre syst\u00e8me brevet\u00e9 de formage du b\u00e9ton permet un assemblage rapide sans travail sp\u00e9cialis\u00e9 ni \u00e9quipement lourd. Aucune grue ou forme en acier n\u2019est g\u00e9n\u00e9ralement requise. Ce seul fait fait souvent d\u2019Octaform le choix de r\u00e9servoir le plus \u00e9conomique.<\/p>\n<p>&nbsp;<\/p>\n<\/div>\n<div class=\"entry-content\">\n<h2><span style=\"color: #000daa;\">Avec OCTAFORM, il n&rsquo;y a aucun souci<\/span><\/h2>\n<p>Dans un syst\u00e8me de biom\u00e9thanisation, les fissures et les fuites ne sont pas seulement une nuisance \u2013 elles sont une fuite de profits. Avec la finition int\u00e9gr\u00e9e d\u2019Octaform, vous pouvez cesser de vous inqui\u00e9ter de la corrosion, des fissures et de leurs r\u00e9parations ult\u00e9rieures.<\/p>\n<p>Les temps d\u2019arr\u00eat appartiennent au pass\u00e9.<\/p>\n<p>&nbsp;<\/p>\n<\/div>\n<h2><span style=\"color: #000daa;\">Un r\u00e9servoir durable<\/span><\/h2>\n<p>Le b\u00e9ton est d\u00e9j\u00e0 l\u2019un des mat\u00e9riaux de construction les plus r\u00e9sistants et durables sur la plan\u00e8te \u2013 Octaform le rend encore meilleur. En prot\u00e9geant le b\u00e9ton de la corrosion et des fissures, il prolonge sa dur\u00e9e de vie. Que ce soit pour r\u00e9sister au chaud soleil de la Floride ou pour r\u00e9sister aux tsunamis et aux tremblements de terre, Octaform fabrique des r\u00e9servoirs durables.<\/p>\n<ul>\n<li>Le processus de digestion est hautement corrosif. Les produits d\u2019\u00e9tanch\u00e9it\u00e9 du b\u00e9ton sont co\u00fbteux.<\/li>\n<li>Toutes les fissures de b\u00e9ton. Le b\u00e9ton craquel\u00e9 \u00e9quivaut \u00e0 une r\u00e9duction des profits.<\/li>\n<li>Octaform emp\u00eache la corrosion et les fissures de compromettre votre syst\u00e8me.<\/li>\n<\/ul>\n<p>&nbsp;<\/p>\n<div class=\"entry-content\" style=\"margin-top: 25px;\">\n<h2 class=\"entry-content\"><span style=\"color: #000daa;\">Pourquoi OCTAFORM?<\/span><\/h2>\n<ul>\n<li>R\u00e9siste \u00e0 la corrosion.<\/li>\n<li>Finition int\u00e9gr\u00e9e. Construit rapidement.<\/li>\n<li>\u00c9quipement lourd non requis.<\/li>\n<li>Isole \u00e0 toute valeur R.<\/li>\n<li>D\u00e9passe les solutions de rechange.<\/li>\n<\/ul>\n<\/div>\n","protected":false},"excerpt":{"rendered":"<p style=\"text-align: justify;\">Octaform est la seule option qui forme et prot\u00e8ge votre r\u00e9servoir en une seule \u00e9tape. La finition et l\u2019isolation sont int\u00e9gr\u00e9es, ce qui \u00e9limine le besoin de doublures ou de rev\u00eatements. Notre syst\u00e8me brevet\u00e9 de formage du b\u00e9ton permet un assemblage rapide sans travail sp\u00e9cialis\u00e9 ni \u00e9quipement lourd. Aucune grue ou forme en acier n\u2019est g\u00e9n\u00e9ralement requise. Ce seul fait fait souvent d\u2019Octaform le choix de r\u00e9servoir le plus \u00e9conomique.<\/p>","protected":false},"featured_media":18547,"template":"","meta":{"_acf_changed":false,"content-type":""},"product_brand":[],"product_cat":[77,303,304],"product_tag":[],"class_list":{"0":"post-4943","1":"product","2":"type-product","3":"status-publish","4":"has-post-thumbnail","6":"product_cat-biomethanisation","7":"product_cat-reservoir-pour-digesteur","8":"product_cat-beton","10":"first","11":"instock","12":"taxable","13":"shipping-taxable","14":"product-type-simple"},"acf":[],"_links":{"self":[{"href":"https:\/\/biogasworld.com\/fr\/wp-json\/wp\/v2\/product\/4943","targetHints":{"allow":["GET"]}}],"collection":[{"href":"https:\/\/biogasworld.com\/fr\/wp-json\/wp\/v2\/product"}],"about":[{"href":"https:\/\/biogasworld.com\/fr\/wp-json\/wp\/v2\/types\/product"}],"wp:featuredmedia":[{"embeddable":true,"href":"https:\/\/biogasworld.com\/fr\/wp-json\/wp\/v2\/media\/18547"}],"wp:attachment":[{"href":"https:\/\/biogasworld.com\/fr\/wp-json\/wp\/v2\/media?parent=4943"}],"wp:term":[{"taxonomy":"product_brand","embeddable":true,"href":"https:\/\/biogasworld.com\/fr\/wp-json\/wp\/v2\/product_brand?post=4943"},{"taxonomy":"product_cat","embeddable":true,"href":"https:\/\/biogasworld.com\/fr\/wp-json\/wp\/v2\/product_cat?post=4943"},{"taxonomy":"product_tag","embeddable":true,"href":"https:\/\/biogasworld.com\/fr\/wp-json\/wp\/v2\/product_tag?post=4943"}],"curies":[{"name":"wp","href":"https:\/\/api.w.org\/{rel}","templated":true}]}}