{"id":5054,"date":"2016-07-12T09:16:20","date_gmt":"2016-07-12T13:20:21","guid":{"rendered":"https:\/\/www.biogasworld.com\/fr\/?post_type=product&#038;p=5054"},"modified":"2023-03-01T16:18:05","modified_gmt":"2023-03-01T21:18:05","slug":"bio-qz","status":"publish","type":"product","link":"https:\/\/biogasworld.com\/fr\/product\/reception\/pretreatment\/bio-qz\/","title":{"rendered":"Bio-QZ"},"content":{"rendered":"","protected":false},"excerpt":{"rendered":"<p style=\"text-align: justify;\">Le broyeur \u00e0 flux crois\u00e9s Bio-QZ impressionne nos\u00a0clients depuis plus de dix ans. Le traitement des diff\u00e9rents mat\u00e9riaux, tels les aliments emball\u00e9s, les d\u00e9chets organiques, et les cultures \u00e9nerg\u00e9tiques, permet une pr\u00e9paration\u00a0id\u00e9ale\u00a0pour le proc\u00e9d\u00e9\u00a0de fermentation dans les installations de biogaz.<\/p>","protected":false},"featured_media":5053,"template":"","meta":{"_acf_changed":false,"content-type":""},"product_brand":[],"product_cat":[145,77,116,124,158,160],"product_tag":[],"class_list":{"0":"post-5054","1":"product","2":"type-product","3":"status-publish","4":"has-post-thumbnail","6":"product_cat-anaerobic-digestion","7":"product_cat-biomethanisation","8":"product_cat-reception-et-conditionnement","9":"product_cat-pretraitement","10":"product_cat-reception","11":"product_cat-pretreatment","13":"first","14":"instock","15":"taxable","16":"shipping-taxable","17":"product-type-simple"},"acf":[],"_links":{"self":[{"href":"https:\/\/biogasworld.com\/fr\/wp-json\/wp\/v2\/product\/5054","targetHints":{"allow":["GET"]}}],"collection":[{"href":"https:\/\/biogasworld.com\/fr\/wp-json\/wp\/v2\/product"}],"about":[{"href":"https:\/\/biogasworld.com\/fr\/wp-json\/wp\/v2\/types\/product"}],"wp:featuredmedia":[{"embeddable":true,"href":"https:\/\/biogasworld.com\/fr\/wp-json\/wp\/v2\/media\/5053"}],"wp:attachment":[{"href":"https:\/\/biogasworld.com\/fr\/wp-json\/wp\/v2\/media?parent=5054"}],"wp:term":[{"taxonomy":"product_brand","embeddable":true,"href":"https:\/\/biogasworld.com\/fr\/wp-json\/wp\/v2\/product_brand?post=5054"},{"taxonomy":"product_cat","embeddable":true,"href":"https:\/\/biogasworld.com\/fr\/wp-json\/wp\/v2\/product_cat?post=5054"},{"taxonomy":"product_tag","embeddable":true,"href":"https:\/\/biogasworld.com\/fr\/wp-json\/wp\/v2\/product_tag?post=5054"}],"curies":[{"name":"wp","href":"https:\/\/api.w.org\/{rel}","templated":true}]}}