{"id":5066,"date":"2016-07-12T10:06:27","date_gmt":"2016-07-12T14:12:46","guid":{"rendered":"https:\/\/www.biogasworld.com\/fr\/?post_type=product&#038;p=5066"},"modified":"2023-03-13T11:30:57","modified_gmt":"2023-03-13T15:30:57","slug":"systemes-planet","status":"publish","type":"product","link":"https:\/\/biogasworld.com\/fr\/product\/biomethanisation\/systeme-de-digestion-humide\/systemes-planet\/","title":{"rendered":"Syst\u00e8mes de digestion ana\u00e9robie PlanET"},"content":{"rendered":"<h3><span style=\"color: #000daa;\">Fondations solides = rendement \u00e9lev\u00e9 et flexibilit\u00e9 maximale<\/span><\/h3>\n<p>PlanET Biogas Solutions planifie et construit des installations de biogaz pour l&rsquo;\u00e9nergie renouvelable, l&rsquo;engrais organique et la digestion des d\u00e9chets industriels qui ont une puissance \u00e9lectrique allant de 50 kW \u00e0 plusieurs m\u00e9gawatts.<\/p>\n<p>Nos \u00e9quipes de construction exp\u00e9riment\u00e9es sont en charge de l&rsquo;installation et de la mise en service de l&rsquo;usine de biogaz. De nombreux sp\u00e9cialistes hautement qualifi\u00e9s effectuent les diff\u00e9rentes phases de construction sous la supervision et la direction de nos chefs de projet exp\u00e9riment\u00e9s.<\/p>\n<p>L&rsquo;approche cl\u00e9 en main de PlanET pour la conception et la construction de l&rsquo;usine att\u00e9nue les risques pendant sa mise sur pied et son exploitation tout en vous permettant de vous concentrer sur ce qui est au c\u0153ur de vos affaires. PlanET a une exp\u00e9rience diversifi\u00e9e et \u00e9tendue dans la livraison des composants suivants:<\/p>\n<ul>\n<li>Construction de r\u00e9servoirs en b\u00e9ton<\/li>\n<li>Isolation et bardage<\/li>\n<li>Installation de tuyaux souterrains<\/li>\n<li>Technologie de pompage et de m\u00e9lange<\/li>\n<li>Syst\u00e8me de distribution d&rsquo;eau chaude<\/li>\n<li>Installation d&rsquo;unit\u00e9s combin\u00e9es de chaleur et d&rsquo;\u00e9nergie<\/li>\n<li>Technologie d&rsquo;alimentation s\u00e8che<\/li>\n<li>Syst\u00e8me de contr\u00f4le complet de l&rsquo;installation<\/li>\n<li>Connexion au r\u00e9seau local<\/li>\n<li>D\u00e9marrage et mise en service<\/li>\n<\/ul>\n<p>L&rsquo;int\u00e9gration verticale et l&rsquo;utilisation de composants internes assurent chaque fois une installation de qualit\u00e9. En travaillant avec PlanET en tant qu&rsquo;entrepreneur g\u00e9n\u00e9ral, vous r\u00e9duisez les interfaces entre les sous-traitants, ce qui simplifiera votre implication dans le projet.<\/p>\n","protected":false},"excerpt":{"rendered":"PlanET Biogas Solutions planifie et construit des installations de biogaz pour l&rsquo;\u00e9nergie renouvelable, l&rsquo;engrais organique et la digestion des d\u00e9chets industriels qui ont une puissance \u00e9lectrique allant de 50 kW \u00e0 plusieurs m\u00e9gawatts.\r\n\r\nL&rsquo;approche cl\u00e9 en main de PlanET pour la conception et la construction att\u00e9nue les risques pendant sa mise sur pied et son exploitation tout en vous permettant de vous concentrer sur ce qui est au coeur de vos affaires. PlanET a une exp\u00e9rience diversifi\u00e9e et \u00e9tendue dans la livraison des composants suivants:\r\n<ul>\r\n \t<li>Construction de r\u00e9servoirs en b\u00e9ton<\/li>\r\n \t<li>Isolation et bardage<\/li>\r\n \t<li>Installation de tuyaux souterrains<\/li>\r\n \t<li>Technologie de pompage et de m\u00e9lange<\/li>\r\n \t<li>Syst\u00e8me de distribution d&rsquo;eau chaude<\/li>\r\n \t<li>Installation d&rsquo;unit\u00e9s combin\u00e9es de chaleur et d&rsquo;\u00e9nergie<\/li>\r\n \t<li>Technologie d&rsquo;alimentation s\u00e8che<\/li>\r\n \t<li>Syst\u00e8me de contr\u00f4le complet de l&rsquo;installation<\/li>\r\n \t<li>Connexion au r\u00e9seau local<\/li>\r\n \t<li>D\u00e9marrage et mise en service<\/li>\r\n<\/ul>\r\n&nbsp;","protected":false},"featured_media":23136,"template":"","meta":{"_acf_changed":false,"content-type":""},"product_brand":[],"product_cat":[77,131],"product_tag":[],"class_list":{"0":"post-5066","1":"product","2":"type-product","3":"status-publish","4":"has-post-thumbnail","6":"product_cat-biomethanisation","7":"product_cat-systeme-de-digestion-humide","9":"first","10":"instock","11":"taxable","12":"shipping-taxable","13":"product-type-simple"},"acf":[],"_links":{"self":[{"href":"https:\/\/biogasworld.com\/fr\/wp-json\/wp\/v2\/product\/5066","targetHints":{"allow":["GET"]}}],"collection":[{"href":"https:\/\/biogasworld.com\/fr\/wp-json\/wp\/v2\/product"}],"about":[{"href":"https:\/\/biogasworld.com\/fr\/wp-json\/wp\/v2\/types\/product"}],"wp:featuredmedia":[{"embeddable":true,"href":"https:\/\/biogasworld.com\/fr\/wp-json\/wp\/v2\/media\/23136"}],"wp:attachment":[{"href":"https:\/\/biogasworld.com\/fr\/wp-json\/wp\/v2\/media?parent=5066"}],"wp:term":[{"taxonomy":"product_brand","embeddable":true,"href":"https:\/\/biogasworld.com\/fr\/wp-json\/wp\/v2\/product_brand?post=5066"},{"taxonomy":"product_cat","embeddable":true,"href":"https:\/\/biogasworld.com\/fr\/wp-json\/wp\/v2\/product_cat?post=5066"},{"taxonomy":"product_tag","embeddable":true,"href":"https:\/\/biogasworld.com\/fr\/wp-json\/wp\/v2\/product_tag?post=5066"}],"curies":[{"name":"wp","href":"https:\/\/api.w.org\/{rel}","templated":true}]}}