{"id":5071,"date":"2016-07-12T14:05:53","date_gmt":"2016-07-12T18:05:53","guid":{"rendered":"https:\/\/www.biogasworld.com\/fr\/?post_type=product&#038;p=5071"},"modified":"2023-03-01T16:18:22","modified_gmt":"2023-03-01T21:18:22","slug":"co-generatrice-cat","status":"publish","type":"product","link":"https:\/\/biogasworld.com\/fr\/product\/valorisation-du-biogaz\/generatrice-et-chp\/co-generatrice-cat\/","title":{"rendered":"Co-g\u00e9n\u00e9ratrice CAT"},"content":{"rendered":"","protected":false},"excerpt":{"rendered":"<p style=\"text-align: justify;\">Nos groupes \u00e9lectrog\u00e8nes sont con\u00e7us pour fonctionner avec vos sources de gaz les plus abondantes et disposent d&rsquo;options de combustible flexibles. Nous les avons con\u00e7us pour garantir une haute efficacit\u00e9 et de faibles co\u00fbts du cycle de vie. Nos produits respectent la plupart des sp\u00e9cifications antipollution mondiales. Proposant une puissance de 60 \u00e0 9\u00a0700\u00a0ekW en une seule unit\u00e9, avec des options personnalisables pour r\u00e9pondre \u00e0 vos besoins d&rsquo;\u00e9nergie, nos groupes \u00e9lectrog\u00e8nes sont faciles \u00e0 s\u00e9lectionner, \u00e0 autoriser et \u00e0 installer. Donner de la puissance \u00e0 vos opportunit\u00e9s gr\u00e2ce \u00e0 une alimentation leader. Conception adapt\u00e9e au gaz naturel, au biogaz, au gaz de ville et aux combustibles alternatifs. Les nouvelles technologies de moteur fournissent la puissance, la chaleur, ou permettent la cog\u00e9n\u00e9ration pour un rendement thermique et \u00e9lectrique haut de gamme. Conteneurs, modules de r\u00e9cup\u00e9ration de chaleur et syst\u00e8mes de commande construits en usine. Caract\u00e9ristiques optimis\u00e9es pour un fonctionnement en parall\u00e8le ou sans connexion \u00e0 un r\u00e9seau \u00e9lectrique.<\/p>","protected":false},"featured_media":5072,"template":"","meta":{"_acf_changed":false,"content-type":""},"product_brand":[],"product_cat":[79,98],"product_tag":[],"class_list":{"0":"post-5071","1":"product","2":"type-product","3":"status-publish","4":"has-post-thumbnail","6":"product_cat-valorisation-du-biogaz","7":"product_cat-generatrice-et-chp","9":"first","10":"instock","11":"taxable","12":"shipping-taxable","13":"product-type-simple"},"acf":[],"_links":{"self":[{"href":"https:\/\/biogasworld.com\/fr\/wp-json\/wp\/v2\/product\/5071","targetHints":{"allow":["GET"]}}],"collection":[{"href":"https:\/\/biogasworld.com\/fr\/wp-json\/wp\/v2\/product"}],"about":[{"href":"https:\/\/biogasworld.com\/fr\/wp-json\/wp\/v2\/types\/product"}],"wp:featuredmedia":[{"embeddable":true,"href":"https:\/\/biogasworld.com\/fr\/wp-json\/wp\/v2\/media\/5072"}],"wp:attachment":[{"href":"https:\/\/biogasworld.com\/fr\/wp-json\/wp\/v2\/media?parent=5071"}],"wp:term":[{"taxonomy":"product_brand","embeddable":true,"href":"https:\/\/biogasworld.com\/fr\/wp-json\/wp\/v2\/product_brand?post=5071"},{"taxonomy":"product_cat","embeddable":true,"href":"https:\/\/biogasworld.com\/fr\/wp-json\/wp\/v2\/product_cat?post=5071"},{"taxonomy":"product_tag","embeddable":true,"href":"https:\/\/biogasworld.com\/fr\/wp-json\/wp\/v2\/product_tag?post=5071"}],"curies":[{"name":"wp","href":"https:\/\/api.w.org\/{rel}","templated":true}]}}