{"id":5396,"date":"2016-08-11T11:01:04","date_gmt":"2016-08-11T15:01:04","guid":{"rendered":"https:\/\/www.biogasworld.com\/fr\/?post_type=product&#038;p=5396"},"modified":"2023-03-01T16:18:42","modified_gmt":"2023-03-01T21:18:42","slug":"sordisep","status":"publish","type":"product","link":"https:\/\/biogasworld.com\/fr\/product\/traitement-des-eaux\/separation-solideliquide\/autres\/sordisep\/","title":{"rendered":"SORDISEP"},"content":{"rendered":"","protected":false},"excerpt":{"rendered":"<p style=\"text-align: justify;\">Le proc\u00e9d\u00e9 de s\u00e9paration par voie humide se positionne en aval du digesteur DRANCO afin de traiter un digestat exempt d\u2019\u00e9l\u00e9ments organiques poisseux qui sont convertis en biogaz dans le digesteur, ce qui facilite la s\u00e9paration par voie humide et l\u2019\u00e9limination optimale des inertes et du sable.<\/p>\r\n<p style=\"text-align: justify;\">Les inertes, le sable et la fraction organique peuvent \u00eatre r\u00e9cup\u00e9r\u00e9s et nettoy\u00e9s afin de produire des produits finaux commercialisables. Cela limite les volumes \u00e0 mettre en d\u00e9charge, favorise l\u2019\u00e9limination organique et am\u00e9liore la r\u00e9cup\u00e9ration de mati\u00e8res.<\/p>","protected":false},"featured_media":5397,"template":"","meta":{"_acf_changed":false,"content-type":""},"product_brand":[],"product_cat":[80,86,89],"product_tag":[],"class_list":{"0":"post-5396","1":"product","2":"type-product","3":"status-publish","4":"has-post-thumbnail","6":"product_cat-traitement-des-eaux","7":"product_cat-separation-solideliquide","8":"product_cat-autres","10":"first","11":"instock","12":"taxable","13":"shipping-taxable","14":"product-type-simple"},"acf":[],"_links":{"self":[{"href":"https:\/\/biogasworld.com\/fr\/wp-json\/wp\/v2\/product\/5396","targetHints":{"allow":["GET"]}}],"collection":[{"href":"https:\/\/biogasworld.com\/fr\/wp-json\/wp\/v2\/product"}],"about":[{"href":"https:\/\/biogasworld.com\/fr\/wp-json\/wp\/v2\/types\/product"}],"wp:featuredmedia":[{"embeddable":true,"href":"https:\/\/biogasworld.com\/fr\/wp-json\/wp\/v2\/media\/5397"}],"wp:attachment":[{"href":"https:\/\/biogasworld.com\/fr\/wp-json\/wp\/v2\/media?parent=5396"}],"wp:term":[{"taxonomy":"product_brand","embeddable":true,"href":"https:\/\/biogasworld.com\/fr\/wp-json\/wp\/v2\/product_brand?post=5396"},{"taxonomy":"product_cat","embeddable":true,"href":"https:\/\/biogasworld.com\/fr\/wp-json\/wp\/v2\/product_cat?post=5396"},{"taxonomy":"product_tag","embeddable":true,"href":"https:\/\/biogasworld.com\/fr\/wp-json\/wp\/v2\/product_tag?post=5396"}],"curies":[{"name":"wp","href":"https:\/\/api.w.org\/{rel}","templated":true}]}}