{"id":5412,"date":"2016-08-11T13:21:50","date_gmt":"2016-08-11T17:23:43","guid":{"rendered":"https:\/\/www.biogasworld.com\/fr\/?post_type=product&#038;p=5412"},"modified":"2026-04-12T03:12:26","modified_gmt":"2026-04-12T07:12:26","slug":"pompe-lobes-boerger","status":"publish","type":"product","link":"https:\/\/biogasworld.com\/fr\/product\/traitement-des-eaux\/pompes\/pompe-lobes-boerger\/","title":{"rendered":"Boerger &#8211; Pompe \u00e0 lobes BLUEline"},"content":{"rendered":"<h2><span style=\"color: #000daa;\">Unique au monde : Une diversit\u00e9 in\u00e9gal\u00e9e<\/span><\/h2>\n<p class=\"bodytext\">Les pompes \u00e0 lobes Boerger sont auto-amor\u00e7antes \u00e0 sec, sans clapet ni soupape. Les lobes h\u00e9lico\u00efdaux assurent un pompage exempt de toute pulsation. Les qualit\u00e9s de robustesse et de fiabilit\u00e9 des pompes Boerger sont reconnues dans le monde entier.<\/p>\n<h2><\/h2>\n<h2><span style=\"color: #000daa;\">Performances : Configurations sans limites<\/span><\/h2>\n<p class=\"bodytext\">Notre gamme de pompes BLUELine comprend actuellement 21 tailles de pompes pour des d\u00e9bits de 1 \u00e0 1 500 m\u00b3\/h. Les diff\u00e9rentes g\u00e9om\u00e9tries et mat\u00e9riaux disponibles constituant les lobes ainsi que l&rsquo;\u00e9tanch\u00e9it\u00e9 vous assurent une configuration optimale en fonction de votre application.<i> <\/i>La gamme de pompe BLUELine en un clic:<\/p>\n<p class=\"bodytext\"><img loading=\"lazy\" decoding=\"async\" class=\"aligncenter wp-image-15323 size-full\" src=\"https:\/\/biogasworld.com\/wp-content\/uploads\/2016\/08\/Capture-de\u0301cran-2017-12-18-10.45.40.png\" width=\"1354\" height=\"414\" srcset=\"https:\/\/biogasworld.com\/wp-content\/uploads\/2016\/08\/Capture-de\u0301cran-2017-12-18-10.45.40.png 1354w, https:\/\/biogasworld.com\/wp-content\/uploads\/2016\/08\/Capture-de\u0301cran-2017-12-18-10.45.40-250x76.png 250w\" sizes=\"auto, (max-width: 1354px) 100vw, 1354px\" \/><\/p>\n<p class=\"bodytext\">*Les valeurs de vitesse maxi et de pression maxi diff\u00e8rent en fonction du produit v\u00e9hicul\u00e9. Valeurs donn\u00e9es \u00e0 titre indicatif.\u00a0 Pour toutes les s\u00e9lections techniques, veuillez nous consulter au pr\u00e9alable.<\/p>\n<h2 class=\"bodytext\"><\/h2>\n<h2 class=\"bodytext\"><span style=\"color: #000daa;\">Grande diversit\u00e9 des lobes<\/span><\/h2>\n<p class=\"bodytext\">Boerger fabrique depuis plus de 20 ans des pompes \u00e0 lobes et propose 21 tailles de pompes diff\u00e9rentes. Jusqu&rsquo;\u00e0 8 g\u00e9om\u00e9tries de lobes diff\u00e9rentes sont disponibles en diff\u00e9rents mat\u00e9riaux pour chaque taille de pompe. Gr\u00e2ce \u00e0 la construction particuli\u00e8re brevet\u00e9e, le noyau robuste des lobes et l&rsquo;arbre ne sont jamais en contact avec le liquide. En raison des nombreux facteurs divergents lors de la s\u00e9lection du lobe correct, les exigences sp\u00e9cifiques du client sont toujours prises en compte.<\/p>\n<p class=\"bodytext\">Par ailleurs, les lobes disponibles peuvent, en fonction de la taille, \u00eatre int\u00e9gr\u00e9s dans toutes les pompes \u00e0 lobes d\u00e9j\u00e0 livr\u00e9es. Cela reste possible, que votre pompe soit \u00e2g\u00e9e de 20 ans ou de 1 an seulement.<\/p>\n<p class=\"bodytext\"><a href=\"http:\/\/www.boerger.com\/fr_FR\/produits\/pompes-a-lobes\/gamme-de-pompes\/pompe-a-lobes-blueline\/diversite-des-lobes.html\" target=\"_blank\" rel=\"noopener noreferrer\"><span style=\"color: #00d37d;\">Voir les lobes<\/span><\/a><\/p>\n<p>&nbsp;<\/p>\n<h2><span style=\"color: #000daa;\">Variodeckel de protection contre la surpression<\/span><\/h2>\n<p class=\"bodytext\">Le Variodeckel constitue une possibilit\u00e9 simple et efficace d&rsquo;installation d&rsquo;une protection contre la surpression.<\/p>\n<p class=\"bodytext\">La force r\u00e9sultant de la pression de refoulement de la pompe agit sur le flasque de la pompe qui se compose d&rsquo;une couronne ext\u00e9rieure et d&rsquo;une plaque int\u00e9rieure \u00e0 ressorts. Aussi longtemps que la force de ressort est sup\u00e9rieure \u00e0 la force de compression, la plaque reste en position et \u00e9tanche la chambre de refoulement. Si la pression augmente au-del\u00e0 de la force de ressort r\u00e9gl\u00e9e, la plaque subit un d\u00e9placement axial et permet ainsi un reflux du liquide du c\u00f4t\u00e9 pression vers le c\u00f4t\u00e9 aspiration. Lorsque la pression de refoulement diminue, l&rsquo;interstice se referme.<\/p>\n<p class=\"bodytext\">Gr\u00e2ce \u00e0 la membrane d&rsquo;\u00e9tanch\u00e9it\u00e9 \u00e9lastique int\u00e9gr\u00e9e, le Variodeckel complet est parfaitement herm\u00e9tique et les pi\u00e8ces qui se d\u00e9placent en aval ne sont pas en contact avec le liquide.<\/p>\n<p class=\"headerbalken\"><strong><span style=\"color: #000000;\">Avantages du variodeckel<\/span><\/strong><\/p>\n<ul>\n<li>Soupape de s\u00fbret\u00e9 int\u00e9gr\u00e9e<\/li>\n<li>Sans obstruction (aucun bypass n\u00e9cessaire)<\/li>\n<li>Prot\u00e8ge la pompe et l&rsquo;installation contre la surpression et les coups de b\u00e9lier<\/li>\n<li>Disponible pour toutes les s\u00e9ries, possibilit\u00e9 de montage ult\u00e9rieur<\/li>\n<li>En acier ou inox<\/li>\n<\/ul>\n<p>&nbsp;<\/p>\n<h2><span style=\"color: #000daa;\">Courbes de performance<\/span><\/h2>\n<p class=\"bodytext\">Les courbes caract\u00e9ristiques vous donnent une indication sur les performances pures de nos pompes. Vous constaterez qu&rsquo;avec les pompes Boerger, l&rsquo;augmentation de pression au refoulement n&rsquo;a que peu d&rsquo;influence sur le d\u00e9bit. Ceci est le signe tangible d&rsquo;un design \u00e0 haut rendement. La gamme de pompe BLUELine en un clic :<\/p>\n<p class=\"bodytext\"><img loading=\"lazy\" decoding=\"async\" class=\"aligncenter wp-image-15325 size-full\" src=\"https:\/\/biogasworld.com\/wp-content\/uploads\/2016\/08\/Capture-de\u0301cran-2017-12-18-10.49.21.png\" width=\"1358\" height=\"420\" srcset=\"https:\/\/biogasworld.com\/wp-content\/uploads\/2016\/08\/Capture-de\u0301cran-2017-12-18-10.49.21.png 1358w, https:\/\/biogasworld.com\/wp-content\/uploads\/2016\/08\/Capture-de\u0301cran-2017-12-18-10.49.21-250x77.png 250w\" sizes=\"auto, (max-width: 1358px) 100vw, 1358px\" \/><\/p>\n<p class=\"bodytext\">*Les valeurs de vitesse maxi et de pression maxi diff\u00e8rent en fonction du produit v\u00e9hicul\u00e9. Valeurs donn\u00e9es \u00e0 titre indicatif. Pour toutes les s\u00e9lections techniques, nous consulter au pr\u00e9alable.<\/p>\n<h2 class=\"bodytext\"><\/h2>\n<h2 class=\"bodytext\"><span style=\"color: #000daa;\">Dimensions:\u00a0Compactes\u00a0et robustes<\/span><\/h2>\n<p class=\"bodytext\">En raison de leur compacit\u00e9, les pompes Boerger sont disponibles sur des ch\u00e2ssis compacts, ou \u00e9quip\u00e9es de variateurs de fr\u00e9quence optionnels.\u00a0 Disponibles avec entra\u00eenement \u00e9lectrique, thermique ou hydraulique, elles sont le partenaire id\u00e9al pour vos pompages en ext\u00e9rieur. La gamme de pompe BLUELine en un clic:<\/p>\n<p class=\"bodytext\"><img loading=\"lazy\" decoding=\"async\" class=\"aligncenter wp-image-15327 size-full\" src=\"https:\/\/biogasworld.com\/wp-content\/uploads\/2016\/08\/Capture-de\u0301cran-2017-12-18-10.51.02.png\" width=\"1354\" height=\"416\" srcset=\"https:\/\/biogasworld.com\/wp-content\/uploads\/2016\/08\/Capture-de\u0301cran-2017-12-18-10.51.02.png 1354w, https:\/\/biogasworld.com\/wp-content\/uploads\/2016\/08\/Capture-de\u0301cran-2017-12-18-10.51.02-250x77.png 250w\" sizes=\"auto, (max-width: 1354px) 100vw, 1354px\" \/><\/p>\n<p class=\"bodytext\">*Les valeurs de vitesse maxi et de pression maxi diff\u00e8rent en fonction du produit v\u00e9hicul\u00e9. Valeurs donn\u00e9es \u00e0 titre indicative. Pour toutes s\u00e9lections techniques nous consulter au pr\u00e9alable.<\/p>\n<p class=\"bodytext\">Pour plus d&rsquo;informations sur la pompe \u00e0 lobes BLUEline, visitez le <a href=\"http:\/\/www.boerger.com\/fr_FR\/produits\/pompes-a-lobes\/gamme-de-pompes\/pompe-a-lobes-blueline.html\" target=\"_blank\" rel=\"noopener noreferrer\">site web de Boerger.<\/a><\/p>\n","protected":false},"excerpt":{"rendered":"<p style=\"text-align: justify;\">Les pompes \u00e0 lobes BLUEline de Boerger sont con\u00e7ues pour des applications agricoles et de biogaz exigeantes, y compris le transfert de fumier, l\u2019alimentation du digesteur, le pompage du digestat et la gestion des boues. Con\u00e7ue pour g\u00e9rer les milieux abrasifs, fibreux et charg\u00e9s de solides, la pompe BLUEline offre des performances fiables \u00e0 faible cisaillement avec un fonctionnement auto-amor\u00e7ant et r\u00e9versible. Sa conception robuste de la construction et de la maintenance sur place (MIP) aide \u00e0 r\u00e9duire les temps d\u2019arr\u00eat et \u00e0 assurer une longue dur\u00e9e de vie dans les op\u00e9rations continues de biogaz.<\/p>","protected":false},"featured_media":15173,"template":"","meta":{"_acf_changed":false,"content-type":""},"product_brand":[],"product_cat":[77,306,80,520],"product_tag":[],"class_list":{"0":"post-5412","1":"product","2":"type-product","3":"status-publish","4":"has-post-thumbnail","6":"product_cat-biomethanisation","7":"product_cat-pompes-haute-densite","8":"product_cat-traitement-des-eaux","9":"product_cat-pompes","11":"first","12":"instock","13":"taxable","14":"shipping-taxable","15":"product-type-simple"},"acf":[],"_links":{"self":[{"href":"https:\/\/biogasworld.com\/fr\/wp-json\/wp\/v2\/product\/5412","targetHints":{"allow":["GET"]}}],"collection":[{"href":"https:\/\/biogasworld.com\/fr\/wp-json\/wp\/v2\/product"}],"about":[{"href":"https:\/\/biogasworld.com\/fr\/wp-json\/wp\/v2\/types\/product"}],"wp:featuredmedia":[{"embeddable":true,"href":"https:\/\/biogasworld.com\/fr\/wp-json\/wp\/v2\/media\/15173"}],"wp:attachment":[{"href":"https:\/\/biogasworld.com\/fr\/wp-json\/wp\/v2\/media?parent=5412"}],"wp:term":[{"taxonomy":"product_brand","embeddable":true,"href":"https:\/\/biogasworld.com\/fr\/wp-json\/wp\/v2\/product_brand?post=5412"},{"taxonomy":"product_cat","embeddable":true,"href":"https:\/\/biogasworld.com\/fr\/wp-json\/wp\/v2\/product_cat?post=5412"},{"taxonomy":"product_tag","embeddable":true,"href":"https:\/\/biogasworld.com\/fr\/wp-json\/wp\/v2\/product_tag?post=5412"}],"curies":[{"name":"wp","href":"https:\/\/api.w.org\/{rel}","templated":true}]}}