{"id":6414,"date":"2016-11-22T15:25:32","date_gmt":"2016-11-22T20:46:52","guid":{"rendered":"https:\/\/www.biogasworld.com\/fr\/?post_type=product&#038;p=6414"},"modified":"2023-11-24T11:05:28","modified_gmt":"2023-11-24T16:05:28","slug":"nettoyage-biogaz-biolimp-dry","status":"publish","type":"product","link":"https:\/\/biogasworld.com\/fr\/product\/biogas-management\/gas-pretreatment\/nettoyage-biogaz-biolimp-dry\/","title":{"rendered":"Nettoyage Biogaz Biolimp-Dry"},"content":{"rendered":"","protected":false},"excerpt":{"rendered":"Le syst\u00e8me Biolimp-Dry est fait pour nettoyer le biogaz provenant de diverses sources, c&rsquo;est-\u00e0-dire les stations d&rsquo;\u00e9puration, les d\u00e9charges et la digestion. La technologie permet l&rsquo;\u00e9limination de la vapeur d&rsquo;eau, des siloxanes et du H2S simultan\u00e9ment. L&rsquo;usine dispose d&rsquo;un \u00e9conomiseur pour minimiser la consommation d&rsquo;\u00e9nergie et, en m\u00eame temps, permet de laver le biogaz sans injection, besoin d&rsquo;eau ou d&rsquo;autres r\u00e9actifs. Les \u00e9conomies d&rsquo;\u00e9nergie peuvent atteindre jusqu&rsquo;\u00e0 30% avec une efficacit\u00e9 d&rsquo;\u00e9limination des composants dangereux sup\u00e9rieure \u00e0 95%.","protected":false},"featured_media":21164,"template":"","meta":{"_acf_changed":false,"content-type":""},"product_brand":[],"product_cat":[145,77,208,211,79,99],"product_tag":[],"class_list":{"0":"post-6414","1":"product","2":"type-product","3":"status-publish","4":"has-post-thumbnail","6":"product_cat-anaerobic-digestion","7":"product_cat-biomethanisation","8":"product_cat-biogas-management","9":"product_cat-gas-pretreatment","10":"product_cat-valorisation-du-biogaz","11":"product_cat-pre-traitement","13":"first","14":"instock","15":"taxable","16":"shipping-taxable","17":"product-type-simple"},"acf":[],"_links":{"self":[{"href":"https:\/\/biogasworld.com\/fr\/wp-json\/wp\/v2\/product\/6414","targetHints":{"allow":["GET"]}}],"collection":[{"href":"https:\/\/biogasworld.com\/fr\/wp-json\/wp\/v2\/product"}],"about":[{"href":"https:\/\/biogasworld.com\/fr\/wp-json\/wp\/v2\/types\/product"}],"wp:featuredmedia":[{"embeddable":true,"href":"https:\/\/biogasworld.com\/fr\/wp-json\/wp\/v2\/media\/21164"}],"wp:attachment":[{"href":"https:\/\/biogasworld.com\/fr\/wp-json\/wp\/v2\/media?parent=6414"}],"wp:term":[{"taxonomy":"product_brand","embeddable":true,"href":"https:\/\/biogasworld.com\/fr\/wp-json\/wp\/v2\/product_brand?post=6414"},{"taxonomy":"product_cat","embeddable":true,"href":"https:\/\/biogasworld.com\/fr\/wp-json\/wp\/v2\/product_cat?post=6414"},{"taxonomy":"product_tag","embeddable":true,"href":"https:\/\/biogasworld.com\/fr\/wp-json\/wp\/v2\/product_tag?post=6414"}],"curies":[{"name":"wp","href":"https:\/\/api.w.org\/{rel}","templated":true}]}}