{"id":7064,"date":"2017-01-16T16:48:56","date_gmt":"2017-01-16T21:50:43","guid":{"rendered":"https:\/\/www.biogasworld.com\/?post_type=product&#038;p=7064\/"},"modified":"2017-01-16T16:50:43","modified_gmt":"2017-01-16T21:50:43","slug":"planet-vario","status":"publish","type":"product","link":"https:\/\/biogasworld.com\/fr\/product\/reception-et-conditionnement\/manutention\/planet-vario\/","title":{"rendered":"PlanET Vario"},"content":{"rendered":"","protected":false},"excerpt":{"rendered":"Pour les substrats tr\u00e8s collants ou \u00e0 fibres longues, il existe une deuxi\u00e8me tari\u00e8re pour assurer une alimentation r\u00e9guli\u00e8re. En outre, PlanET Vario vous offre une garantie de 5 ans pour le syst\u00e8me de plancher mobile.","protected":false},"featured_media":7063,"template":"","meta":{"_acf_changed":false,"content-type":""},"product_brand":[],"product_cat":[77,116,519,118],"product_tag":[],"class_list":{"0":"post-7064","1":"product","2":"type-product","3":"status-publish","4":"has-post-thumbnail","6":"product_cat-biomethanisation","7":"product_cat-reception-et-conditionnement","8":"product_cat-doseurs-de-solide","9":"product_cat-manutention","11":"first","12":"instock","13":"taxable","14":"shipping-taxable","15":"product-type-simple"},"acf":[],"_links":{"self":[{"href":"https:\/\/biogasworld.com\/fr\/wp-json\/wp\/v2\/product\/7064","targetHints":{"allow":["GET"]}}],"collection":[{"href":"https:\/\/biogasworld.com\/fr\/wp-json\/wp\/v2\/product"}],"about":[{"href":"https:\/\/biogasworld.com\/fr\/wp-json\/wp\/v2\/types\/product"}],"wp:featuredmedia":[{"embeddable":true,"href":"https:\/\/biogasworld.com\/fr\/wp-json\/wp\/v2\/media\/7063"}],"wp:attachment":[{"href":"https:\/\/biogasworld.com\/fr\/wp-json\/wp\/v2\/media?parent=7064"}],"wp:term":[{"taxonomy":"product_brand","embeddable":true,"href":"https:\/\/biogasworld.com\/fr\/wp-json\/wp\/v2\/product_brand?post=7064"},{"taxonomy":"product_cat","embeddable":true,"href":"https:\/\/biogasworld.com\/fr\/wp-json\/wp\/v2\/product_cat?post=7064"},{"taxonomy":"product_tag","embeddable":true,"href":"https:\/\/biogasworld.com\/fr\/wp-json\/wp\/v2\/product_tag?post=7064"}],"curies":[{"name":"wp","href":"https:\/\/api.w.org\/{rel}","templated":true}]}}