{"id":7346,"date":"2017-02-17T13:33:45","date_gmt":"2017-02-17T19:10:20","guid":{"rendered":"https:\/\/www.biogasworld.com\/?post_type=product&#038;p=7346\/"},"modified":"2018-11-29T22:33:13","modified_gmt":"2018-11-30T03:33:13","slug":"unites-de-methanisation-agricoles-host","status":"publish","type":"product","link":"https:\/\/biogasworld.com\/fr\/product\/biomethanisation\/unites-de-methanisation-agricoles-host\/","title":{"rendered":"Unit\u00e9s de m\u00e9thanisation agricoles HoSt"},"content":{"rendered":"<h2 style=\"text-align: left;\"><span style=\"color: #000daa;\">Des unit\u00e9s flexibles et des intrants difficiles<\/span><\/h2>\n<p style=\"text-align: justify;\">Les unit\u00e9s HoSt peuvent traiter une multitude d\u2019intrants difficiles gr\u00e2ce \u00e0\u00a0la combinaison d\u2019un\u00a0syst\u00e8me d\u2019incorporation flexible et robuste permettant d\u2019incorporer une large gamme d\u2019intrants en combinaison avec un m\u00e9langeur sp\u00e9cial et d\u00e9velopp\u00e9 par HoSt. Cette technologie permet:<\/p>\n<ul style=\"text-align: justify;\">\n<li>La digestion d\u2019intrants tels que des boues, de l\u2019herbe, du fumier et lisier, de la paille, des d\u00e9chets d\u2019abattoir, des pulpes et des eaux us\u00e9es<\/li>\n<li>Une excellente capacit\u00e9 de brassage malgr\u00e9 haut niveau de mati\u00e8re s\u00e8che, ce qui rend inutile l\u2019ajout de liquide de dilution.<\/li>\n<li>Une optimisation du volume de digestion avec une conversion plus rapide de la biomasse.<\/li>\n<li>Une excellente stabilit\u00e9 au sein du digesteur<\/li>\n<\/ul>\n<p>&nbsp;<\/p>\n<h2 style=\"text-align: left;\"><span style=\"color: #00d37d;\">Ing\u00e9nierie Robuste, Conception de haute qualit\u00e9<\/span><\/h2>\n<p style=\"text-align: justify;\">Les unit\u00e9s de m\u00e9thanisation agricoles HoSt sont \u00e9quip\u00e9es de cuves en b\u00e9ton, isol\u00e9es avec un toit double membrane.<\/p>\n<p style=\"text-align: justify;\">Le syst\u00e8me d\u2019alimentation des solides est \u00e9quip\u00e9 de vis d\u2019incorporation directe. Ces vis permettent de m\u00e9langer les intrants divers et h\u00e9t\u00e9rog\u00e8nes pour en faire un menu homog\u00e8ne et r\u00e9gulier. L\u2019incorporation directe des intrants solides au digesteur coupl\u00e9e \u00e0 un brassage intensif adapt\u00e9 permet de dig\u00e9rer un taux plus \u00e9lev\u00e9 de mati\u00e8re s\u00e8che. Ceci permet une digestion sans dilution d\u2019eau, un temps de r\u00e9tention plus court, des digesteurs de plus petite taille et une consommation \u00e9lectrique et thermique r\u00e9duite.<\/p>\n<p style=\"text-align: justify;\">Les intrants liquides tel les lisiers et eaux us\u00e9es sont aussi directement incorpor\u00e9s au digesteur depuis une fosse de stockage existante ou fournie par HoSt. Les unit\u00e9s sont con\u00e7ues, ajust\u00e9es et optimis\u00e9es selon les situations et des intrants du projet.<\/p>\n<p style=\"text-align: justify;\">HoSt fournis des unit\u00e9s robustes et de haute qualit\u00e9, \u00e9quip\u00e9es d\u2019un syst\u00e8me de supervision qui permet de g\u00e9rer l\u2019unit\u00e9 en toute simplicit\u00e9 et \u00e0 distance.<\/p>\n<p>&nbsp;<\/p>\n<h2 style=\"text-align: left;\"><span style=\"color: #000daa;\">Une gestion optimale gr\u00e2ce aux conseils et \u00e0 la formation<\/span><\/h2>\n<p style=\"text-align: justify;\">Toutes nos prestations incluent la mise en service, l\u2019accompagnement au d\u00e9marrage ainsi qu\u2019une formation aux personnels qui piloteront l\u2019unit\u00e9. Apr\u00e8s la mise en service, l\u2019op\u00e9rateur en charge de l\u2019unit\u00e9 sera accompagn\u00e9 dans ses t\u00e2ches op\u00e9rationnelles, et ce pour la dur\u00e9e n\u00e9cessaire au bon fonctionnement.<\/p>\n<p style=\"text-align: justify;\">HoSt offre aussi les conseils \u00e0 l\u2019am\u00e9lioration des menus et ainsi augmenter la rentabilit\u00e9 de l\u2019unit\u00e9. Le but est de remplacer certains intrants \u00e0 moindre cout.<\/p>\n<p>&nbsp;<\/p>\n<h2 style=\"text-align: left;\"><span style=\"color: #00d37d;\">Des unit\u00e9s \u2018sur-mesure\u2019<\/span><\/h2>\n<p style=\"text-align: justify;\">HoSt peut fournir \u00e0 ses unit\u00e9s une pr\u00e9-fosse, une s\u00e9paration de phase et une lagune de stockage. En ce qui concerne les d\u00e9chets d\u2019abattoirs de cat\u00e9gorie 3, un syst\u00e8me d\u2019hygi\u00e9nisation est install\u00e9. HoSt fourni aussi les \u00e9quipements de pr\u00e9traitement afin de r\u00e9duire la taille des particules des intrants.<\/p>\n<p>&nbsp;<\/p>\n<h2 style=\"text-align: left;\"><span style=\"color: #000daa;\">Unit\u00e9s adapt\u00e9es aux intrants\u00a0difficiles<\/span><\/h2>\n<p style=\"text-align: justify;\">Grace \u00e0 son exp\u00e9rience et des technologies adapt\u00e9es, HoSt propose des unit\u00e9s pouvant traiter diff\u00e9rents types d\u2019intrants pour certains consid\u00e9r\u00e9s comme tr\u00e8s difficiles\u00a0: fumier, paille, fumier de volaille, fauches de bord de routes.<\/p>\n<p>&nbsp;<\/p>\n<h2 style=\"text-align: left;\"><span style=\"color: #00d37d;\">Projets<\/span><\/h2>\n<p style=\"text-align: justify;\">HoSt jouit d\u2019une grande exp\u00e9rience dans le domaine des unit\u00e9s de m\u00e9thanisation agricoles. Les nombreux projets r\u00e9alis\u00e9s sont pr\u00e9sent\u00e9s sous<a href=\"http:\/\/www.host.nl\/fr\/case-category\/methanisation-agricole\/\" target=\"_blank\" rel=\"noopener noreferrer\">\u00a0r\u00e9f\u00e9rences<\/a>.<\/p>\n<p style=\"text-align: justify;\">Cliquez ici pour voir les informations sur le <a href=\"http:\/\/www.host.nl\/fr\/methanisation\/methanisation-agricole\/\" target=\"_blank\" rel=\"noopener noreferrer\">site web de HoSt<\/a>.<\/p>\n","protected":false},"excerpt":{"rendered":"HoSt est un acteur majeur dans la fili\u00e8re du biogaz en Europe avec la construction de nombreuses unit\u00e9s de m\u00e9thanisation. Les unit\u00e9s de m\u00e9thanisation agricoles HoSt sont parmi les plus r\u00e9put\u00e9es pour la digestion ana\u00e9robique (AD) avec des intrants comme le lisier et les sous-produits agricoles (paille et herbe).","protected":false},"featured_media":7324,"template":"","meta":{"_acf_changed":false,"content-type":""},"product_brand":[],"product_cat":[77],"product_tag":[],"class_list":{"0":"post-7346","1":"product","2":"type-product","3":"status-publish","4":"has-post-thumbnail","6":"product_cat-biomethanisation","8":"first","9":"instock","10":"taxable","11":"shipping-taxable","12":"product-type-simple"},"acf":[],"_links":{"self":[{"href":"https:\/\/biogasworld.com\/fr\/wp-json\/wp\/v2\/product\/7346","targetHints":{"allow":["GET"]}}],"collection":[{"href":"https:\/\/biogasworld.com\/fr\/wp-json\/wp\/v2\/product"}],"about":[{"href":"https:\/\/biogasworld.com\/fr\/wp-json\/wp\/v2\/types\/product"}],"wp:featuredmedia":[{"embeddable":true,"href":"https:\/\/biogasworld.com\/fr\/wp-json\/wp\/v2\/media\/7324"}],"wp:attachment":[{"href":"https:\/\/biogasworld.com\/fr\/wp-json\/wp\/v2\/media?parent=7346"}],"wp:term":[{"taxonomy":"product_brand","embeddable":true,"href":"https:\/\/biogasworld.com\/fr\/wp-json\/wp\/v2\/product_brand?post=7346"},{"taxonomy":"product_cat","embeddable":true,"href":"https:\/\/biogasworld.com\/fr\/wp-json\/wp\/v2\/product_cat?post=7346"},{"taxonomy":"product_tag","embeddable":true,"href":"https:\/\/biogasworld.com\/fr\/wp-json\/wp\/v2\/product_tag?post=7346"}],"curies":[{"name":"wp","href":"https:\/\/api.w.org\/{rel}","templated":true}]}}