{"id":7368,"date":"2017-02-17T14:30:34","date_gmt":"2017-02-17T19:43:29","guid":{"rendered":"https:\/\/www.biogasworld.com\/?post_type=product&#038;p=7368\/"},"modified":"2017-02-17T14:44:19","modified_gmt":"2017-02-17T19:44:19","slug":"methanisation-industrielle-host","status":"publish","type":"product","link":"https:\/\/biogasworld.com\/fr\/product\/biomethanisation\/methanisation-industrielle-host\/","title":{"rendered":"M\u00e9thanisation industrielle HoSt"},"content":{"rendered":"<h2 style=\"text-align: left;\"><span style=\"color: #000daa;\">Des unit\u00e9s stables pour un m\u00e9lange optimal<\/span><\/h2>\n<p style=\"text-align: justify;\">Avec une digestion rapide de la mati\u00e8re, le risque d\u2019instabilit\u00e9 et la formation de mousse est augment\u00e9. Pour cela HoSt utilise des agitateurs centraux afin d\u2019optimiser le m\u00e9lange et conserver une excellente stabilit\u00e9 biologique. En outre, ce syst\u00e8me de brassage performant consomme peu d\u2019\u00e9lectricit\u00e9.<\/p>\n<p>&nbsp;<\/p>\n<h2 style=\"text-align: left;\"><span style=\"color: #000daa;\">Haute efficacit\u00e9 et faible consommation \u00e9nerg\u00e9tique<\/span><\/h2>\n<p style=\"text-align: justify;\">Les unit\u00e9s de m\u00e9thanisation HoSt sont con\u00e7ues pour optimiser le ration <em>\u00e9nergie produite \/ \u00e9nergie consomm\u00e9e<\/em>. Que ce soit sur des valorisations par cog\u00e9n\u00e9ration \u2013 combinaison d\u2019une production \u00e9lectrique et de production de chaleur \u00e0 partir du biogaz \u2013 ou par purification du biogaz en biom\u00e9thane, la recherche de la production \u00e9nerg\u00e9tique est primordiale sans pour autant sacrifier la propre consommation d\u2019\u00e9nergie. Un fort taux de MS (mati\u00e8re s\u00e8che) dans les digesteurs, des temps de s\u00e9jour couts et une efficacit\u00e9 de brassage optimale permettent de r\u00e9duire \u00e0 la fois les consommations \u00e9lectriques et thermiques.<\/p>\n<p>&nbsp;<\/p>\n<h2 style=\"text-align: left;\"><span style=\"color: #000daa;\">Des programmes sp\u00e9cialement con\u00e7us pour optimiser la digestion<\/span><\/h2>\n<p>&nbsp;<\/p>\n<h3 style=\"text-align: left;\"><span style=\"color: #00d37d;\"><strong>L\u2019hydrolyse par autoclavage (Thermal Pressure Hydrolysis)<\/strong><\/span><\/h3>\n<p style=\"text-align: justify;\">Ce proc\u00e9d\u00e9 consiste \u00e0 chauffer et \u00e0 porter \u00e0 haute temp\u00e9rature (entre 140 et 160\u00b0C) la mati\u00e8re tout en augmentant la pression puis \u00e0 baisser brutalement ces deux param\u00e8tres. Cela permet une augmentation de la production de biogaz jusqu\u2019\u00e0 40%.<\/p>\n<p>&nbsp;<\/p>\n<h3 style=\"text-align: left;\"><span style=\"color: #00d37d;\"><strong>Digestion haute performance par combinaison de r\u00e9gimes<\/strong><\/span><\/h3>\n<p style=\"text-align: justify;\">HoSt propose aussi un process de digestion <em>haute performance<\/em> gr\u00e2ce \u00e0 une combinaison de digestion thermophile et m\u00e9sophile qui augmente consid\u00e9rablement la production m\u00e9thanog\u00e8ne. En effet la compl\u00e9mentarit\u00e9 des flores m\u00e9sophiles et thermophiles permet d\u2019accroitre le spectre des mati\u00e8res dig\u00e9r\u00e9es. En parall\u00e8le \u00e0 la m\u00e9thanisation, HoSt peut fournir des \u00e9quipements divers tels que, pr\u00e9-fosses, s\u00e9parations de phases, centrifugeuses, lagunes de stockage.<\/p>\n<p style=\"text-align: justify;\">En ce qui concerne les d\u00e9chets d\u2019abattoirs de cat\u00e9gorie 3, HoSt propose des lignes d\u2019hygi\u00e9nisation int\u00e9grant un syst\u00e8me de broyage et un traitement thermique.<\/p>\n<p>&nbsp;<\/p>\n<h2 style=\"text-align: justify;\"><span style=\"color: #000daa;\">Projets<\/span><\/h2>\n<p style=\"text-align: justify;\">HoSt con\u00e7oit et construit des unit\u00e9s de m\u00e9thanisation pour un vaste \u00e9ventail de projets. Pour en savoir plus sur nos installations, vous pouvez consulter nos <a href=\"http:\/\/www.host.nl\/fr\/case-category\/methanisation-industrielle\/\" target=\"_blank\">r\u00e9f\u00e9rences<\/a>.<\/p>\n<p style=\"text-align: justify;\">Voir les informations sur le <a href=\"http:\/\/www.host.nl\/fr\/methanisation\/methanisation-industrielle\/\" target=\"_blank\">site web de HoSt<\/a>.<\/p>\n","protected":false},"excerpt":{"rendered":"HoSt a une solide exp\u00e9rience en tant que fournisseur d\u2019unit\u00e9s de m\u00e9thanisation destin\u00e9es \u00e0 l\u2019industrie \u00e0 l\u2019\u00e9chelle europ\u00e9enne. Nos unit\u00e9s de m\u00e9thanisation industrielles traitent des intrants de d\u00e9chets organiques sans ajout d\u2019effluents d\u2019\u00e9levage. HoSt a construit plusieurs unit\u00e9s destin\u00e9es au traitement des d\u00e9chets d\u2019abattoir, de boues, de produits alimentaires d\u00e9conditionn\u00e9s ainsi que des restes alimentaires. Pour le traitement de sous-produits animaux de cat\u00e9gorie 2, HoSt fournit diff\u00e9rents syst\u00e8mes d\u2019hydrolyse thermique sous pression (autoclave) qui optimisent consid\u00e9rablement la transformation de la biomasse.","protected":false},"featured_media":7353,"template":"","meta":{"_acf_changed":false,"content-type":""},"product_brand":[],"product_cat":[77],"product_tag":[],"class_list":{"0":"post-7368","1":"product","2":"type-product","3":"status-publish","4":"has-post-thumbnail","6":"product_cat-biomethanisation","8":"first","9":"instock","10":"taxable","11":"shipping-taxable","12":"product-type-simple"},"acf":[],"_links":{"self":[{"href":"https:\/\/biogasworld.com\/fr\/wp-json\/wp\/v2\/product\/7368","targetHints":{"allow":["GET"]}}],"collection":[{"href":"https:\/\/biogasworld.com\/fr\/wp-json\/wp\/v2\/product"}],"about":[{"href":"https:\/\/biogasworld.com\/fr\/wp-json\/wp\/v2\/types\/product"}],"wp:featuredmedia":[{"embeddable":true,"href":"https:\/\/biogasworld.com\/fr\/wp-json\/wp\/v2\/media\/7353"}],"wp:attachment":[{"href":"https:\/\/biogasworld.com\/fr\/wp-json\/wp\/v2\/media?parent=7368"}],"wp:term":[{"taxonomy":"product_brand","embeddable":true,"href":"https:\/\/biogasworld.com\/fr\/wp-json\/wp\/v2\/product_brand?post=7368"},{"taxonomy":"product_cat","embeddable":true,"href":"https:\/\/biogasworld.com\/fr\/wp-json\/wp\/v2\/product_cat?post=7368"},{"taxonomy":"product_tag","embeddable":true,"href":"https:\/\/biogasworld.com\/fr\/wp-json\/wp\/v2\/product_tag?post=7368"}],"curies":[{"name":"wp","href":"https:\/\/api.w.org\/{rel}","templated":true}]}}