{"id":7904,"date":"2017-03-16T01:52:08","date_gmt":"2017-03-16T05:52:08","guid":{"rendered":"https:\/\/www.biogasworld.com\/product\/uncategorized\/anaerobic-mbr-technology\/"},"modified":"2026-01-30T14:35:22","modified_gmt":"2026-01-30T19:35:22","slug":"technologie-anaerobie-mbr-veolia","status":"publish","type":"product","link":"https:\/\/biogasworld.com\/fr\/product\/traitement-des-eaux\/traitement-biologique\/technologie-anaerobie-mbr-veolia\/","title":{"rendered":"Technologie ana\u00e9robie MBR"},"content":{"rendered":"<h2><span style=\"color: #000daa;\">Convertissez les eaux us\u00e9es organiques concentr\u00e9es en effluents de haute qualit\u00e9 et produire de l&rsquo;\u00e9nergie<\/span><\/h2>\n<p>Les mati\u00e8res organiques dans les eaux us\u00e9es peuvent \u00eatre une source d&rsquo;\u00e9nergie lorsqu&rsquo;elles sont trait\u00e9es de mani\u00e8re ana\u00e9robie. Le biogaz riche en m\u00e9thane produit peut \u00eatre utilis\u00e9 comme source renouvelable et durable d&rsquo;\u00e9nergie suppl\u00e9mentaire pour la production de chaleur ou de puissance.<\/p>\n<p>Les technologies conventionnelles de digestion ana\u00e9robie ont des limites \u00e0 leur capacit\u00e9 \u00e0 fournir qualit\u00e9, fiabilit\u00e9 et efficacit\u00e9.<\/p>\n<p>La technologie AnMBR de Veolia offre une qualit\u00e9, une fiabilit\u00e9 et une efficacit\u00e9 am\u00e9lior\u00e9es des effluents en utilisant la membrane de fibre creuse renforc\u00e9e ZeeWeed * 500 de Veolia int\u00e9gr\u00e9e dans le syst\u00e8me AnMBR.<\/p>\n<p>&nbsp;<\/p>\n<h2 class=\"field-item\"><span style=\"color: #000daa;\">Caract\u00e9ristiques de la technologie ana\u00e9robie MBR GE<\/span><\/h2>\n<ul>\n<li>Le biogaz riche en m\u00e9thane produit peut \u00eatre utilis\u00e9 comme source renouvelable, stockable, d&rsquo;\u00e9nergie suppl\u00e9mentaire pour la production de chaleur ou de puissance<\/li>\n<li>Qualit\u00e9 et fiabilit\u00e9 sup\u00e9rieures des effluents \u00e0 l&rsquo;aide des membrures ZeeWeed 500 de Veolia<\/li>\n<li>La conception modulaire du syst\u00e8me \u00e9volutif, minimise la construction sur site et est id\u00e9ale pour une expansion future<\/li>\n<li>Mise \u00e0 niveau am\u00e9lior\u00e9e pour les syst\u00e8mes existants de digestion ana\u00e9robie conventionnelle<\/li>\n<li>Aucun oxyg\u00e8ne biologique ne n\u00e9cessite de r\u00e9duire les co\u00fbts d&rsquo;\u00e9nergie pour l&rsquo;op\u00e9ration<\/li>\n<li>80% R\u00e9duction de la quantit\u00e9 de boues biologiques r\u00e9siduelles qui n\u00e9cessiteront une \u00e9limination par rapport aux solutions a\u00e9robies<\/li>\n<li>Des taux de chargement organiques plus \u00e9lev\u00e9s r\u00e9duisent l&#8217;empreinte<\/li>\n<li>Le processus est scell\u00e9 dans l&rsquo;environnement externe, de sorte que l&rsquo;odeur, les COV et le contr\u00f4le des \u00e9missions de gaz \u00e0 effet de serre sont beaucoup plus efficaces<\/li>\n<li>Tire parti de l&rsquo;exp\u00e9rience de Veolia et du leadership de l&rsquo;industrie dans la conception de l&rsquo;usine MBR<\/li>\n<\/ul>\n<p>Transformez vos eaux us\u00e9es en \u00abopportunit\u00e9 d&rsquo;eau\u00bb avec les technologies les plus r\u00e9centes de Veolia. En savoir plus sur la technologie AnMBR r\u00e9cemment introduite.<\/p>\n","protected":false},"excerpt":{"rendered":"La technologie ana\u00e9robie est un moyen viable de r\u00e9duire la consommation d&rsquo;\u00e9nergie et de ma\u00eetriser les co\u00fbts associ\u00e9s dans de nombreuses applications de traitement des d\u00e9chets et des eaux us\u00e9es. En int\u00e9grant la technologie et les solutions ana\u00e9robies de Veolia, les clients \u00e9voluent de l&rsquo;utilisation d&rsquo;une \u00e9nergie importante pour devenir des producteurs d&rsquo;\u00e9nergie.","protected":false},"featured_media":7901,"template":"","meta":{"_acf_changed":false,"content-type":""},"product_brand":[],"product_cat":[80,90],"product_tag":[],"class_list":{"0":"post-7904","1":"product","2":"type-product","3":"status-publish","4":"has-post-thumbnail","6":"product_cat-traitement-des-eaux","7":"product_cat-traitement-biologique","9":"first","10":"instock","11":"taxable","12":"shipping-taxable","13":"product-type-simple"},"acf":[],"_links":{"self":[{"href":"https:\/\/biogasworld.com\/fr\/wp-json\/wp\/v2\/product\/7904","targetHints":{"allow":["GET"]}}],"collection":[{"href":"https:\/\/biogasworld.com\/fr\/wp-json\/wp\/v2\/product"}],"about":[{"href":"https:\/\/biogasworld.com\/fr\/wp-json\/wp\/v2\/types\/product"}],"wp:featuredmedia":[{"embeddable":true,"href":"https:\/\/biogasworld.com\/fr\/wp-json\/wp\/v2\/media\/7901"}],"wp:attachment":[{"href":"https:\/\/biogasworld.com\/fr\/wp-json\/wp\/v2\/media?parent=7904"}],"wp:term":[{"taxonomy":"product_brand","embeddable":true,"href":"https:\/\/biogasworld.com\/fr\/wp-json\/wp\/v2\/product_brand?post=7904"},{"taxonomy":"product_cat","embeddable":true,"href":"https:\/\/biogasworld.com\/fr\/wp-json\/wp\/v2\/product_cat?post=7904"},{"taxonomy":"product_tag","embeddable":true,"href":"https:\/\/biogasworld.com\/fr\/wp-json\/wp\/v2\/product_tag?post=7904"}],"curies":[{"name":"wp","href":"https:\/\/api.w.org\/{rel}","templated":true}]}}