{"id":8068,"date":"2017-03-21T00:43:17","date_gmt":"2017-03-21T04:43:17","guid":{"rendered":"https:\/\/www.biogasworld.com\/product\/uncategorized\/ge-anaerobic-digestion-technology\/"},"modified":"2026-01-30T14:32:51","modified_gmt":"2026-01-30T19:32:51","slug":"technologie-biomethanisation-veolia","status":"publish","type":"product","link":"https:\/\/biogasworld.com\/fr\/product\/biomethanisation\/systeme-de-digestion-humide\/technologie-biomethanisation-veolia\/","title":{"rendered":"Technologie biom\u00e9thanisation"},"content":{"rendered":"<h2 class=\"field-item\"><span style=\"color: #000daa;\">Cr\u00e9er de l&rsquo;\u00e9nergie \u00e0 partir des applications de biod\u00e9chets et de biosolides<\/span><\/h2>\n<p style=\"text-align: justify;\">Des syst\u00e8mes de m\u00e9lange aux \u00e9changes de chaleur et au traitement des boues, les produits de digestion de Veolia fonctionnent de concert pour fournir une solution holistique qui prend un traitement ana\u00e9robie \u00e0 un nouveau niveau. Les produits de digestion de Veolia atteignent un \u00e9quilibre \u00e9nerg\u00e9tique optimal pour maximiser le rendement et les performances du syst\u00e8me.<\/p>\n<p>&nbsp;<\/p>\n<h2 class=\"field-item\"><span style=\"color: #000daa;\">Caract\u00e9ristiques du produit Technologie Biom\u00e9thanisation Veolia<\/span><\/h2>\n<p style=\"text-align: justify;\">Les produits de digestion de Veolia sont con\u00e7us pour fonctionner ensemble comme un seul syst\u00e8me pour aider les clients \u00e0 atteindre une efficacit\u00e9 accrue et des co\u00fbts d&rsquo;\u00e9nergie r\u00e9duits.<\/p>\n<p style=\"text-align: justify;\"><strong>Les syst\u00e8mes de m\u00e9lange<\/strong>\u00a0traitent &gt;90% des contenus dans le digesteur de boues<\/p>\n<ul style=\"text-align: justify;\">\n<li>Les syst\u00e8mes SGM peuvent traiter une concentration jusqu&rsquo;\u00e0 10% de solides secs<\/li>\n<li>Les syt\u00e8mes Jet Mix sont utilis\u00e9s dans le r\u00e9servoir tampon d&rsquo;hydrolyse pour favoriser la formation naturelle d&rsquo;acides gras volatils dans la suspension<\/li>\n<li>Les syst\u00e8mes Air Mix systems m\u00e9langent compl\u00e8tement les boues en 2 heures et consomment une faible quantit\u00e9 d&rsquo;\u00e9nergie, soit 1.5W\/m3 \u00e0 2.0W\/m3<\/li>\n<\/ul>\n<p style=\"text-align: justify;\"><strong>Les \u00e9changeurs de chaleur<\/strong> contr\u00f4lent automatiquement la temp\u00e9rature dans le digesteur\u00a0ou proc\u00e8dent \u00e0 +\/-1\u00b0C<\/p>\n<ul style=\"text-align: justify;\">\n<li>Re:Smart fournit un chauffage ou un refroidissement des plages de temp\u00e9rature couvrant les digesteurs m\u00e9sophiles et thermophiles<\/li>\n<li>Re:SmartSteam g\u00e8re le chauffage pour les digesteurs m\u00e9sophiles et thermophiles de plus de 30% de solides secs<\/li>\n<\/ul>\n<p style=\"text-align: justify;\"><strong>Le traitement des boues<\/strong>\u00a0extrait les clarificateurs automatiquement avec peu d&rsquo;\u00e9nergie et n\u00e9cessite peu d&rsquo;entretien<\/p>\n<ul>\n<li style=\"text-align: justify;\">Air Lift peut extraire \u00e0 la fois les boues filtrantes primaires et les gouttes<\/li>\n<\/ul>\n","protected":false},"excerpt":{"rendered":"La technologie ana\u00e9robie est un moyen viable de r\u00e9duire la consommation d&rsquo;\u00e9nergie et de ma\u00eetriser les co\u00fbts associ\u00e9s dans de nombreuses applications de traitement des d\u00e9chets et des eaux us\u00e9es. En int\u00e9grant la technologie et les solutions ana\u00e9robies de Veolia, les clients \u00e9voluent de l&rsquo;utilisation d&rsquo;une \u00e9nergie importante pour devenir des producteurs d&rsquo;\u00e9nergie.","protected":false},"featured_media":8067,"template":"","meta":{"_acf_changed":false,"content-type":""},"product_brand":[],"product_cat":[77,131,80],"product_tag":[],"class_list":{"0":"post-8068","1":"product","2":"type-product","3":"status-publish","4":"has-post-thumbnail","6":"product_cat-biomethanisation","7":"product_cat-systeme-de-digestion-humide","8":"product_cat-traitement-des-eaux","10":"first","11":"instock","12":"taxable","13":"shipping-taxable","14":"product-type-simple"},"acf":[],"_links":{"self":[{"href":"https:\/\/biogasworld.com\/fr\/wp-json\/wp\/v2\/product\/8068","targetHints":{"allow":["GET"]}}],"collection":[{"href":"https:\/\/biogasworld.com\/fr\/wp-json\/wp\/v2\/product"}],"about":[{"href":"https:\/\/biogasworld.com\/fr\/wp-json\/wp\/v2\/types\/product"}],"wp:featuredmedia":[{"embeddable":true,"href":"https:\/\/biogasworld.com\/fr\/wp-json\/wp\/v2\/media\/8067"}],"wp:attachment":[{"href":"https:\/\/biogasworld.com\/fr\/wp-json\/wp\/v2\/media?parent=8068"}],"wp:term":[{"taxonomy":"product_brand","embeddable":true,"href":"https:\/\/biogasworld.com\/fr\/wp-json\/wp\/v2\/product_brand?post=8068"},{"taxonomy":"product_cat","embeddable":true,"href":"https:\/\/biogasworld.com\/fr\/wp-json\/wp\/v2\/product_cat?post=8068"},{"taxonomy":"product_tag","embeddable":true,"href":"https:\/\/biogasworld.com\/fr\/wp-json\/wp\/v2\/product_tag?post=8068"}],"curies":[{"name":"wp","href":"https:\/\/api.w.org\/{rel}","templated":true}]}}