{"id":8215,"date":"2017-03-28T18:23:16","date_gmt":"2017-03-28T22:23:16","guid":{"rendered":"https:\/\/www.biogasworld.com\/product\/uncategorized\/suma-giantmix-fr-sp\/"},"modified":"2023-03-01T14:35:00","modified_gmt":"2023-03-01T19:35:00","slug":"suma-giantmix-fr-sp","status":"publish","type":"product","link":"https:\/\/biogasworld.com\/fr\/product\/anaerobic-digestion\/mixing\/suma-giantmix-fr-sp\/","title":{"rendered":"SUMA Giantmix FR SP"},"content":{"rendered":"<h2><span style=\"color: #000daa;\">L&rsquo;agitateur SUMA Giantmix FR SP offre un ajustement vertical jusqu&rsquo;\u00e0 +\/- 30 \u00b0<\/span><\/h2>\n<h3><span style=\"color: #00d37d;\">Donn\u00e9es Techniques<\/span><\/h3>\n<p><center><img loading=\"lazy\" decoding=\"async\" class=\"wp-image-8190 alignnone\" src=\"https:\/\/biogasworld.com\/wp-content\/uploads\/2017\/03\/SUMA-Giantmix-FR-SP-Technical-Data.jpg\" alt=\"SUMA Giantmix FR SP Technical Data\" width=\"400\" height=\"194\" srcset=\"https:\/\/biogasworld.com\/wp-content\/uploads\/2017\/03\/SUMA-Giantmix-FR-SP-Technical-Data.jpg 633w, https:\/\/biogasworld.com\/wp-content\/uploads\/2017\/03\/SUMA-Giantmix-FR-SP-Technical-Data-250x121.jpg 250w\" sizes=\"auto, (max-width: 400px) 100vw, 400px\" \/><\/center>&nbsp;<\/p>\n<ul>\n<li><strong>Ajustement horizontal +\/- 25\u00b0<\/strong><\/li>\n<li><strong>Ajustement vertical 30\u00b0<\/strong><\/li>\n<li><strong>Ouverture de r\u00e9servoir possible de 700 \u00e0 1,000 mm<\/strong><\/li>\n<li><strong>Plaques de scellage 98 x 98 \/ 120 x 120 \/ 143 x 143 cm V2A (ss304) ou V4A (ss316)<\/strong><\/li>\n<li><strong>Tube et plaque de scellage en acier inoxydable V2A ou V4A<\/strong><\/li>\n<li><strong>Moteur prot\u00e9g\u00e9 des explosions 7.5 &#8211; 18.5 kW<\/strong><\/li>\n<\/ul>\n<p>&nbsp;<\/p>\n<h3><span style=\"color: #00d37d;\"><strong>Application<\/strong><\/span><\/h3>\n<p>Le SUMA Giantmix FR SP a \u00e9t\u00e9 sp\u00e9cialement con\u00e7u pour optimiser le processus biologique dans le digesteur et apr\u00e8s les fermenteurs avec des niveaux de substrat presque constants.<\/p>\n<h3><span style=\"color: #00d37d;\"><strong>Installation depth<\/strong><\/span><\/h3>\n<p>Gr\u00e2ce au syst\u00e8me d&rsquo;\u00e9tanch\u00e9it\u00e9 unique de SUMA, la profondeur d&rsquo;installation de 8 m sous le niveau du substrat tout en pr\u00e9servant la plage de pivotement compl\u00e8te est possible.<\/p>\n<h3><span style=\"color: #00d37d;\"><strong>Sealing system<\/strong><\/span><\/h3>\n<p>L&rsquo;alimentation en tube flexible est scell\u00e9e avec 2 membranes d&rsquo;\u00e9tanch\u00e9it\u00e9 EPDM (\u00e0 l&rsquo;int\u00e9rieur et \u00e0 l&rsquo;ext\u00e9rieur) et un syst\u00e8me d&rsquo;\u00e9tanch\u00e9it\u00e9 sp\u00e9cial de SUMA.<\/p>\n<h3><span style=\"color: #00d37d;\"><strong>Easy maintenance<\/strong><\/span><\/h3>\n<p>Un avantage de la conception du Giantmix est que la quasi-totalit\u00e9 des t\u00e2ches d&rsquo;entretien peuvent \u00eatre effectu\u00e9es de l&rsquo;ext\u00e9rieur, ce qui signifie que l&rsquo;ouverture du digesteur ou le d\u00e9montage de l&rsquo;unit\u00e9 n&rsquo;est pas n\u00e9cessaire. Le c\u00f4t\u00e9 d&rsquo;entra\u00eenement avec le moteur \u00e9lectrique et la transmission est accessible de l&rsquo;ext\u00e9rieur; Seul le tube d&rsquo;arbre et l&rsquo;h\u00e9lice sont dans le fermenteur et dans une position optimale pour un m\u00e9lange complet.<\/p>\n<h3><span style=\"color: #00d37d;\"><strong>Optional PTO drive<\/strong><\/span><\/h3>\n<p>Le Giantmix FR peut \u00eatre command\u00e9 avec un dispositif de protection et une prise de force en option.<\/p>\n<p>Cliquez ici pour voir l&rsquo;information sur le <strong>site web de SUMA<\/strong>.<\/p>\n","protected":false},"excerpt":{"rendered":"Bienvenue chez SUMA, votre fournisseur d&rsquo;agitateurs et de m\u00e9langeurs sp\u00e9cialement con\u00e7us pour les usines de biogaz et les r\u00e9servoirs de fumier ou les lagunes. Depuis pr\u00e8s de 60 ans, nous fournissons des solutions d&rsquo;agitation dans l&rsquo;industrie du biogaz, du fumier et des eaux us\u00e9es. Nos connaissances et notre technologie exclusive, combin\u00e9es \u00e0 notre expertise sur le terrain, permettent \u00e0 SUMA d&rsquo;optimiser et de proposer des solutions personnalis\u00e9es pour votre entreprise. Avec SUMA, vos r\u00e9sultats seront une gestion efficace du fumier liquide et des rendements de biogaz fiables.","protected":false},"featured_media":8189,"template":"","meta":{"_acf_changed":false,"content-type":""},"product_brand":[],"product_cat":[145,77,513,511],"product_tag":[],"class_list":{"0":"post-8215","1":"product","2":"type-product","3":"status-publish","4":"has-post-thumbnail","6":"product_cat-anaerobic-digestion","7":"product_cat-biomethanisation","8":"product_cat-agitation","9":"product_cat-mixing","11":"first","12":"instock","13":"taxable","14":"shipping-taxable","15":"product-type-simple"},"acf":[],"_links":{"self":[{"href":"https:\/\/biogasworld.com\/fr\/wp-json\/wp\/v2\/product\/8215","targetHints":{"allow":["GET"]}}],"collection":[{"href":"https:\/\/biogasworld.com\/fr\/wp-json\/wp\/v2\/product"}],"about":[{"href":"https:\/\/biogasworld.com\/fr\/wp-json\/wp\/v2\/types\/product"}],"wp:featuredmedia":[{"embeddable":true,"href":"https:\/\/biogasworld.com\/fr\/wp-json\/wp\/v2\/media\/8189"}],"wp:attachment":[{"href":"https:\/\/biogasworld.com\/fr\/wp-json\/wp\/v2\/media?parent=8215"}],"wp:term":[{"taxonomy":"product_brand","embeddable":true,"href":"https:\/\/biogasworld.com\/fr\/wp-json\/wp\/v2\/product_brand?post=8215"},{"taxonomy":"product_cat","embeddable":true,"href":"https:\/\/biogasworld.com\/fr\/wp-json\/wp\/v2\/product_cat?post=8215"},{"taxonomy":"product_tag","embeddable":true,"href":"https:\/\/biogasworld.com\/fr\/wp-json\/wp\/v2\/product_tag?post=8215"}],"curies":[{"name":"wp","href":"https:\/\/api.w.org\/{rel}","templated":true}]}}