{"id":8589,"date":"2017-04-06T02:33:51","date_gmt":"2017-04-06T06:35:14","guid":{"rendered":"https:\/\/www.biogasworld.com\/?post_type=product&#038;p=8589\/"},"modified":"2023-03-01T14:34:15","modified_gmt":"2023-03-01T19:34:15","slug":"konrad-pumpe-biomixer","status":"publish","type":"product","link":"https:\/\/biogasworld.com\/fr\/product\/reception\/handling-en\/konrad-pumpe-biomixer\/","title":{"rendered":"Konrad Pumpe Biomixer"},"content":{"rendered":"","protected":false},"excerpt":{"rendered":"Avec le Konrad Pumpe Biomixer combin\u00e9 \u00e0 nos vis sans fin de biomasse, une installation de biogaz peut \u00eatre aliment\u00e9e r\u00e9guli\u00e8rement et par un processus s\u00fbr. Chez nous, vous recevez votre technique d&rsquo;apport d&rsquo;une seule main. Le caisson de base est fabriqu\u00e9 en s\u00e9rie en acier inoxydable. En option, la rehausse, la vis sans fin de m\u00e9lange et leurs couteaux peuvent aussi \u00eatre livr\u00e9s en acier inoxydable. Ainsi une usure moindre est garantie : inoxydable, sans entretien et robuste.","protected":false},"featured_media":8588,"template":"","meta":{"_acf_changed":false,"content-type":""},"product_brand":[],"product_cat":[302,306,116,118,124,158,150,367,160],"product_tag":[],"class_list":{"0":"post-8589","1":"product","2":"type-product","3":"status-publish","4":"has-post-thumbnail","6":"product_cat-high-density-pumps","7":"product_cat-pompes-haute-densite","8":"product_cat-reception-et-conditionnement","9":"product_cat-manutention","10":"product_cat-pretraitement","11":"product_cat-reception","12":"product_cat-handling-en","13":"product_cat-solids-feeders","14":"product_cat-pretreatment","16":"first","17":"instock","18":"taxable","19":"shipping-taxable","20":"product-type-simple"},"acf":[],"_links":{"self":[{"href":"https:\/\/biogasworld.com\/fr\/wp-json\/wp\/v2\/product\/8589","targetHints":{"allow":["GET"]}}],"collection":[{"href":"https:\/\/biogasworld.com\/fr\/wp-json\/wp\/v2\/product"}],"about":[{"href":"https:\/\/biogasworld.com\/fr\/wp-json\/wp\/v2\/types\/product"}],"wp:featuredmedia":[{"embeddable":true,"href":"https:\/\/biogasworld.com\/fr\/wp-json\/wp\/v2\/media\/8588"}],"wp:attachment":[{"href":"https:\/\/biogasworld.com\/fr\/wp-json\/wp\/v2\/media?parent=8589"}],"wp:term":[{"taxonomy":"product_brand","embeddable":true,"href":"https:\/\/biogasworld.com\/fr\/wp-json\/wp\/v2\/product_brand?post=8589"},{"taxonomy":"product_cat","embeddable":true,"href":"https:\/\/biogasworld.com\/fr\/wp-json\/wp\/v2\/product_cat?post=8589"},{"taxonomy":"product_tag","embeddable":true,"href":"https:\/\/biogasworld.com\/fr\/wp-json\/wp\/v2\/product_tag?post=8589"}],"curies":[{"name":"wp","href":"https:\/\/api.w.org\/{rel}","templated":true}]}}