{"id":8590,"date":"2017-04-06T02:44:26","date_gmt":"2017-04-06T06:44:26","guid":{"rendered":"https:\/\/www.biogasworld.com\/?post_type=product&#038;p=8590\/"},"modified":"2023-03-01T14:34:00","modified_gmt":"2023-03-01T19:34:00","slug":"pioneer-air-systems-dcr-deep-chilling-removal","status":"publish","type":"product","link":"https:\/\/biogasworld.com\/fr\/product\/valorisation-du-biogaz\/pre-traitement\/pioneer-air-systems-dcr-deep-chilling-removal\/","title":{"rendered":"Pioneer Air Systems DCR Deep Chilling Removal"},"content":{"rendered":"","protected":false},"excerpt":{"rendered":"Supprime 95% des contaminants sans carbone\r\n\r\nSupprime 99,9% des contaminants avec filtre \u00e0 polir\r\n\r\nDCR comprend \u00ab\u00a0Un ensemble unique d&rsquo;\u00e9changeurs de chaleur gaz \u00e0 r\u00e9frig\u00e9rant\u00a0\u00bb. DCR est un moyen scientifiquement prouv\u00e9 de nettoyer le gaz. La plupart des SILOXANES se condensent \u00e0 -90 F (-230 \u00b0 C). Pour refroidir le gaz au-dessous de la temp\u00e9rature de cong\u00e9lation, sans bloquer le flux de gaz avec accumulation de glace, le flux de gaz alternent entre deux \u00e9changeurs de chaleur. Un \u00e9changeur de chaleur refroidit le gaz \u00e0 -90 \u00b0 F; Tandis que l&rsquo;autre est d\u00e9givr\u00e9; Et, refroidi \u00e0 nouveau avant le passage du flux de gaz, pour fournir un faible point de ros\u00e9e en continu. Pour \u00e9viter le gel, la temp\u00e9rature et la pression du gaz sont surveill\u00e9es \u00e0 tous les points critiques; Le flux de gaz est contr\u00f4l\u00e9 par un automate. Le gaz est refroidi en plusieurs \u00e9tapes. La plupart des contaminants condensent ou se dissolvent, en humidit\u00e9 \/ fluides. De m\u00eame, les flux de r\u00e9frig\u00e9rant froids et chauds sont surveill\u00e9s et contr\u00f4l\u00e9s par un automate.","protected":false},"featured_media":8591,"template":"","meta":{"_acf_changed":false,"content-type":""},"product_brand":[],"product_cat":[79,99],"product_tag":[],"class_list":{"0":"post-8590","1":"product","2":"type-product","3":"status-publish","4":"has-post-thumbnail","6":"product_cat-valorisation-du-biogaz","7":"product_cat-pre-traitement","9":"first","10":"instock","11":"taxable","12":"shipping-taxable","13":"product-type-simple"},"acf":[],"_links":{"self":[{"href":"https:\/\/biogasworld.com\/fr\/wp-json\/wp\/v2\/product\/8590","targetHints":{"allow":["GET"]}}],"collection":[{"href":"https:\/\/biogasworld.com\/fr\/wp-json\/wp\/v2\/product"}],"about":[{"href":"https:\/\/biogasworld.com\/fr\/wp-json\/wp\/v2\/types\/product"}],"wp:featuredmedia":[{"embeddable":true,"href":"https:\/\/biogasworld.com\/fr\/wp-json\/wp\/v2\/media\/8591"}],"wp:attachment":[{"href":"https:\/\/biogasworld.com\/fr\/wp-json\/wp\/v2\/media?parent=8590"}],"wp:term":[{"taxonomy":"product_brand","embeddable":true,"href":"https:\/\/biogasworld.com\/fr\/wp-json\/wp\/v2\/product_brand?post=8590"},{"taxonomy":"product_cat","embeddable":true,"href":"https:\/\/biogasworld.com\/fr\/wp-json\/wp\/v2\/product_cat?post=8590"},{"taxonomy":"product_tag","embeddable":true,"href":"https:\/\/biogasworld.com\/fr\/wp-json\/wp\/v2\/product_tag?post=8590"}],"curies":[{"name":"wp","href":"https:\/\/api.w.org\/{rel}","templated":true}]}}