{"id":9810,"date":"2017-04-25T01:17:10","date_gmt":"2017-04-25T05:17:10","guid":{"rendered":"https:\/\/www.biogasworld.com\/product\/uncategorized\/evonik-sepuran-green-gas-separation\/"},"modified":"2023-03-27T17:20:44","modified_gmt":"2023-03-27T21:20:44","slug":"evonik-sepuran-green","status":"publish","type":"product","link":"https:\/\/biogasworld.com\/fr\/product\/biogas-management\/upgrading\/evonik-sepuran-green\/","title":{"rendered":"Evonik SEPURAN Green"},"content":{"rendered":"<h2><span style=\"color: #000daa;\">Evonik SEPURAN\u00a0Green pour un raffinage efficace<\/span><\/h2>\n<p><img loading=\"lazy\" decoding=\"async\" width=\"460\" height=\"250\" class=\"aligncenter size-full wp-image-9808\" src=\"https:\/\/biogasworld.com\/wp-content\/uploads\/2017\/04\/Evonik-SEPURAN-Green-Gas-Separation-2.jpg\" alt=\"Evonik SEPURAN Green\" srcset=\"https:\/\/biogasworld.com\/wp-content\/uploads\/2017\/04\/Evonik-SEPURAN-Green-Gas-Separation-2.jpg 460w, https:\/\/biogasworld.com\/wp-content\/uploads\/2017\/04\/Evonik-SEPURAN-Green-Gas-Separation-2-250x136.jpg 250w\" sizes=\"auto, (max-width: 460px) 100vw, 460px\" \/><\/p>\n<p style=\"text-align: justify;\">Evonik a d\u00e9velopp\u00e9 un processus de mise \u00e0 jour du biogaz qui utilise au mieux les propri\u00e9t\u00e9s de s\u00e9paration des membranes: gr\u00e2ce \u00e0 une connexion habile des membranes vertes SEPURAN <sup> \u00ae &lt;\/ sup&gt;, il est possible d&rsquo;obtenir du m\u00e9thane avec un taux de puret\u00e9 allant jusqu&rsquo;\u00e0 99% Gaz brut. Un seul compresseur est n\u00e9cessaire.<\/sup><\/p>\n<p style=\"text-align: justify;\">Les membranes SEPURAN<sup>\u00ae<\/sup> Green ont la s\u00e9lectivit\u00e9 CO<sub>2<\/sub>\/CH<sub>4<\/sub> la plus \u00e9lev\u00e9e et sont donc une technologie sup\u00e9rieure pour le raffinage du biogaz. Cette s\u00e9lectivit\u00e9 des membranes permet la production de biom\u00e9thane de haute puret\u00e9 avec une r\u00e9cup\u00e9ration de m\u00e9thane sup\u00e9rieure. C&rsquo;est ce qui distingue les membranes Evonik des autres membranes disponibles.<\/p>\n<p style=\"text-align: justify;\">Le biogaz provient de l&rsquo;usine de biogaz comme un m\u00e9lange de CO<sub>2<\/sub>, de m\u00e9thane et de composants secondaires typiques, et est d&rsquo;abord d\u00e9sulfur\u00e9, filtr\u00e9 et pr\u00e9-s\u00e9ch\u00e9 avec du charbon actif. Le gaz pr\u00e9trait\u00e9 est ensuite comprim\u00e9 \u00e0 10 \u00e0 20 bar, et raffin\u00e9 en biom\u00e9thane et \u00e0 un flux de gaz r\u00e9siduaire \u00e9lev\u00e9 de CO<sub>2<\/sub> en utilisant plusieurs \u00e9tapes de membranes. &lt;\/ P&gt;<\/p>\n<p>&nbsp;<\/p>\n<h3><span style=\"color: #00d37d;\">Le proc\u00e9d\u00e9<\/span><\/h3>\n<p style=\"text-align: justify;\">En plus des membranes SEPURAN<sup>\u00ae<\/sup> Green, Evonik a \u00e9galement d\u00e9velopp\u00e9 un processus de raffinage du biogaz qui permet une utilisation optimale des propri\u00e9t\u00e9s de s\u00e9paration des membranes: gr\u00e2ce \u00e0 une connexion habile de membranes SEPURAN<sup>\u00ae<\/sup> Green, il est possible d&rsquo;obtenir du m\u00e9thane avec un niveau de puret\u00e9 allant jusqu&rsquo;\u00e0 99% du gaz brut avec une \u00e9tape de compression.<\/p>\n<p>&nbsp;<\/p>\n<h3><span style=\"color: #00d37d;\">Avantages de la technologie de membrane Evonik SEPURAN Green<\/span><\/h3>\n<ul>\n<li>Frais d&rsquo;exploitation r\u00e9duits<\/li>\n<li>Faible investissement<\/li>\n<li>Facile \u00e0 utiliser<\/li>\n<li>Faible encombrement et temps d&rsquo;installation courts<\/li>\n<li>Installation flexible et modulaire<\/li>\n<li>Aucun produit chimique requis<\/li>\n<li>Pas d&rsquo;\u00e9tape de s\u00e9chage suppl\u00e9mentaire<\/li>\n<\/ul>\n<p>&nbsp;<\/p>\n<p>Cliquez ici pour voir l&rsquo;information sur le <strong><a href=\"https:\/\/www.membrane-separation.com\/en\/upgrading-of-biogas-to-biomethane-with-sepuran-green\" target=\"_blank\" rel=\"noopener noreferrer\">site web d&rsquo;Evonik<\/a><\/strong>.<\/p>\n","protected":false},"excerpt":{"rendered":"Notre processus de raffinage du biogaz par membrane avec Evonik SEPURAN Green offre une teneur constante en biom\u00e9thane \u00e9lev\u00e9e avec plus de 99% de puret\u00e9. En d&rsquo;autres termes, la quasi-totalit\u00e9 du m\u00e9thane est r\u00e9cup\u00e9r\u00e9e dans le domaine de la qualit\u00e9 du gaz naturel.","protected":false},"featured_media":39975,"template":"","meta":{"_acf_changed":false,"content-type":""},"product_brand":[],"product_cat":[208,212,79,97],"product_tag":[],"class_list":{"0":"post-9810","1":"product","2":"type-product","3":"status-publish","4":"has-post-thumbnail","6":"product_cat-biogas-management","7":"product_cat-upgrading","8":"product_cat-valorisation-du-biogaz","9":"product_cat-raffinage","11":"first","12":"instock","13":"taxable","14":"shipping-taxable","15":"product-type-simple"},"acf":[],"_links":{"self":[{"href":"https:\/\/biogasworld.com\/fr\/wp-json\/wp\/v2\/product\/9810","targetHints":{"allow":["GET"]}}],"collection":[{"href":"https:\/\/biogasworld.com\/fr\/wp-json\/wp\/v2\/product"}],"about":[{"href":"https:\/\/biogasworld.com\/fr\/wp-json\/wp\/v2\/types\/product"}],"wp:featuredmedia":[{"embeddable":true,"href":"https:\/\/biogasworld.com\/fr\/wp-json\/wp\/v2\/media\/39975"}],"wp:attachment":[{"href":"https:\/\/biogasworld.com\/fr\/wp-json\/wp\/v2\/media?parent=9810"}],"wp:term":[{"taxonomy":"product_brand","embeddable":true,"href":"https:\/\/biogasworld.com\/fr\/wp-json\/wp\/v2\/product_brand?post=9810"},{"taxonomy":"product_cat","embeddable":true,"href":"https:\/\/biogasworld.com\/fr\/wp-json\/wp\/v2\/product_cat?post=9810"},{"taxonomy":"product_tag","embeddable":true,"href":"https:\/\/biogasworld.com\/fr\/wp-json\/wp\/v2\/product_tag?post=9810"}],"curies":[{"name":"wp","href":"https:\/\/api.w.org\/{rel}","templated":true}]}}